{"id":1015,"date":"2021-09-21T17:36:03","date_gmt":"2021-09-21T17:36:03","guid":{"rendered":"https:\/\/3x22.bbm.usp.br\/?page_id=1015"},"modified":"2023-10-17T17:06:34","modified_gmt":"2023-10-17T17:06:34","slug":"3x22-na-escola-equipe","status":"publish","type":"page","link":"https:\/\/3x22.bbm.usp.br\/?page_id=1015","title":{"rendered":"3&#215;22 na Escola: Equipe"},"content":{"rendered":"\n<h4 class=\"has-text-align-center wp-block-heading\">3&#215;22 na Escola: Equipe<\/h4>\n\n\n\n<p><strong>COORDENADORES<\/strong><\/p>\n\n\n\n<p>Janice Theodoro da Silva, Alexandre Macchione Saes<\/p>\n\n\n\n<p><strong>PESQUISADORES<\/strong><\/p>\n\n\n\n<p>Maria Augusta Querubim Rodrigues, Henrique Pons Agnelli, Jose Alves Freitas Neto, Leandro Salman Torelli, Marcelo Ribeiro de Carvalho, Ruy Cesar Pietropaulo, Vinicius Teixeira<\/p>\n\n\n\n<p><strong>COORDENA\u00c7\u00c3O EDITORIAL E EDI\u00c7\u00c3O<\/strong><\/p>\n\n\n\n<p>Ma\u00edra Carcelen de Souza<\/p>\n\n\n\n<p><strong>REVIS\u00c3O<\/strong><\/p>\n\n\n\n<p>Bruna Xavier Martins<\/p>\n\n\n\n<p><strong>ESTAGI\u00c1RIOS<\/strong><\/p>\n\n\n\n<p>Giovane Direnzi, Norberto de Assis Souza Filho<\/p>\n\n\n\n<p class=\"has-text-align-right\"><strong><a href=\"https:\/\/3x22.bbm.usp.br\/?page_id=928\" data-type=\"page\">Voltar aos M\u00f3dulos<\/a><\/strong><\/p>\n","protected":false},"excerpt":{"rendered":"<p>3&#215;22 na Escola: Equipe COORDENADORES Janice Theodoro da Silva, Alexandre Macchione Saes PESQUISADORES Maria Augusta Querubim Rodrigues, Henrique Pons Agnelli, Jose Alves Freitas Neto, Leandro Salman Torelli, Marcelo Ribeiro de Carvalho, Ruy Cesar Pietropaulo, Vinicius Teixeira COORDENA\u00c7\u00c3O EDITORIAL E EDI\u00c7\u00c3O Ma\u00edra Carcelen de Souza REVIS\u00c3O Bruna Xavier Martins ESTAGI\u00c1RIOS Giovane Direnzi, Norberto de Assis Souza&hellip;<\/p>\n","protected":false},"author":7,"featured_media":0,"parent":0,"menu_order":0,"comment_status":"closed","ping_status":"closed","template":"tw-no-title.php","meta":{"_uag_custom_page_level_css":"","footnotes":""},"class_list":["post-1015","page","type-page","status-publish","hentry"],"aioseo_notices":[],"uagb_featured_image_src":{"full":false,"thumbnail":false,"medium":false,"medium_large":false,"large":false,"1536x1536":false,"2048x2048":false,"post-thumbnail":false,"twentytwenty-fullscreen":false},"uagb_author_info":{"display_name":"Giovane Direnzi","author_link":"https:\/\/3x22.bbm.usp.br\/?author=7"},"uagb_comment_info":0,"uagb_excerpt":"3&#215;22 na Escola: Equipe COORDENADORES Janice Theodoro da Silva, Alexandre Macchione Saes PESQUISADORES Maria Augusta Querubim Rodrigues, Henrique Pons Agnelli, Jose Alves Freitas Neto, Leandro Salman Torelli, Marcelo Ribeiro de Carvalho, Ruy Cesar Pietropaulo, Vinicius Teixeira COORDENA\u00c7\u00c3O EDITORIAL E EDI\u00c7\u00c3O Ma\u00edra Carcelen de Souza REVIS\u00c3O Bruna Xavier Martins ESTAGI\u00c1RIOS Giovane Direnzi, Norberto de Assis Souza&hellip;","_links":{"self":[{"href":"https:\/\/3x22.bbm.usp.br\/index.php?rest_route=\/wp\/v2\/pages\/1015","targetHints":{"allow":["GET"]}}],"collection":[{"href":"https:\/\/3x22.bbm.usp.br\/index.php?rest_route=\/wp\/v2\/pages"}],"about":[{"href":"https:\/\/3x22.bbm.usp.br\/index.php?rest_route=\/wp\/v2\/types\/page"}],"author":[{"embeddable":true,"href":"https:\/\/3x22.bbm.usp.br\/index.php?rest_route=\/wp\/v2\/users\/7"}],"replies":[{"embeddable":true,"href":"https:\/\/3x22.bbm.usp.br\/index.php?rest_route=%2Fwp%2Fv2%2Fcomments&post=1015"}],"version-history":[{"count":2,"href":"https:\/\/3x22.bbm.usp.br\/index.php?rest_route=\/wp\/v2\/pages\/1015\/revisions"}],"predecessor-version":[{"id":1018,"href":"https:\/\/3x22.bbm.usp.br\/index.php?rest_route=\/wp\/v2\/pages\/1015\/revisions\/1018"}],"wp:attachment":[{"href":"https:\/\/3x22.bbm.usp.br\/index.php?rest_route=%2Fwp%2Fv2%2Fmedia&parent=1015"}],"curies":[{"name":"wp","href":"https:\/\/api.w.org\/{rel}","templated":true}]}}