{"id":1096,"date":"2021-09-27T19:59:56","date_gmt":"2021-09-27T19:59:56","guid":{"rendered":"https:\/\/3x22.bbm.usp.br\/?page_id=1096"},"modified":"2023-10-17T17:06:34","modified_gmt":"2023-10-17T17:06:34","slug":"apresentacao-3x22-na-escola","status":"publish","type":"page","link":"https:\/\/3x22.bbm.usp.br\/?page_id=1096","title":{"rendered":"Apresenta\u00e7\u00e3o. 3&#215;22 na escola"},"content":{"rendered":"\n<h4 class=\"has-text-align-center wp-block-heading\">3&#215;22 na Escola: Apresenta\u00e7\u00e3o<\/h4>\n\n\n\n<div data-wp-interactive=\"core\/file\" class=\"wp-block-file\"><object data-wp-bind--hidden=\"!state.hasPdfPreview\" hidden class=\"wp-block-file__embed\" data=\"https:\/\/3x22.bbm.usp.br\/wp-content\/uploads\/2021\/09\/3\u00d722_apresentacao-completo.pdf\" type=\"application\/pdf\" style=\"width:100%;height:600px\" aria-label=\"Incorporado de M\u00eddia incorporada de 3\u00d722_apresentacao-completo..\"><\/object><a href=\"https:\/\/3x22.bbm.usp.br\/wp-content\/uploads\/2021\/09\/3\u00d722_apresentacao-completo.pdf\">3\u00d722_apresentacao-completo<\/a><a href=\"https:\/\/3x22.bbm.usp.br\/wp-content\/uploads\/2021\/09\/3\u00d722_apresentacao-completo.pdf\" class=\"wp-block-file__button\" download>Baixar<\/a><\/div>\n\n\n\n<p class=\"has-text-align-right\"><strong><a href=\"https:\/\/3x22.bbm.usp.br\/?page_id=928\" title=\"3\u00d722 na Escola\">Voltar aos m\u00f3dulos<\/a><\/strong><\/p>\n","protected":false},"excerpt":{"rendered":"<p>3&#215;22 na Escola: Apresenta\u00e7\u00e3o Voltar aos m\u00f3dulos<\/p>\n","protected":false},"author":5,"featured_media":0,"parent":0,"menu_order":0,"comment_status":"closed","ping_status":"closed","template":"tw-no-title.php","meta":{"_uag_custom_page_level_css":"","footnotes":""},"class_list":["post-1096","page","type-page","status-publish","hentry"],"aioseo_notices":[],"uagb_featured_image_src":{"full":false,"thumbnail":false,"medium":false,"medium_large":false,"large":false,"1536x1536":false,"2048x2048":false,"post-thumbnail":false,"twentytwenty-fullscreen":false},"uagb_author_info":{"display_name":"Alexandre Saes","author_link":"https:\/\/3x22.bbm.usp.br\/?author=5"},"uagb_comment_info":0,"uagb_excerpt":"3&#215;22 na Escola: Apresenta\u00e7\u00e3o Voltar aos m\u00f3dulos","_links":{"self":[{"href":"https:\/\/3x22.bbm.usp.br\/index.php?rest_route=\/wp\/v2\/pages\/1096","targetHints":{"allow":["GET"]}}],"collection":[{"href":"https:\/\/3x22.bbm.usp.br\/index.php?rest_route=\/wp\/v2\/pages"}],"about":[{"href":"https:\/\/3x22.bbm.usp.br\/index.php?rest_route=\/wp\/v2\/types\/page"}],"author":[{"embeddable":true,"href":"https:\/\/3x22.bbm.usp.br\/index.php?rest_route=\/wp\/v2\/users\/5"}],"replies":[{"embeddable":true,"href":"https:\/\/3x22.bbm.usp.br\/index.php?rest_route=%2Fwp%2Fv2%2Fcomments&post=1096"}],"version-history":[{"count":5,"href":"https:\/\/3x22.bbm.usp.br\/index.php?rest_route=\/wp\/v2\/pages\/1096\/revisions"}],"predecessor-version":[{"id":1282,"href":"https:\/\/3x22.bbm.usp.br\/index.php?rest_route=\/wp\/v2\/pages\/1096\/revisions\/1282"}],"wp:attachment":[{"href":"https:\/\/3x22.bbm.usp.br\/index.php?rest_route=%2Fwp%2Fv2%2Fmedia&parent=1096"}],"curies":[{"name":"wp","href":"https:\/\/api.w.org\/{rel}","templated":true}]}}