{"id":1139,"date":"2021-09-28T20:11:26","date_gmt":"2021-09-28T20:11:26","guid":{"rendered":"https:\/\/3x22.bbm.usp.br\/?page_id=1139"},"modified":"2023-10-17T17:07:34","modified_gmt":"2023-10-17T17:07:34","slug":"politizacao-do-tempo","status":"publish","type":"page","link":"https:\/\/3x22.bbm.usp.br\/?page_id=1139","title":{"rendered":"Politiza\u00e7\u00e3o do tempo"},"content":{"rendered":"\n<h4 class=\"wp-block-heading\">Politiza\u00e7\u00e3o do tempo: temporaliza\u00e7\u00e3o dos discursos pol\u00edticos no processo de independ\u00eancia do Brasil (1820-1822)<\/h4>\n\n\n\n<div data-wp-interactive=\"core\/file\" class=\"wp-block-file\"><object data-wp-bind--hidden=\"!state.hasPdfPreview\" hidden class=\"wp-block-file__embed\" data=\"https:\/\/3x22.bbm.usp.br\/wp-content\/uploads\/2021\/09\/Politizacao_do_tempo.pdf\" type=\"application\/pdf\" style=\"width:100%;height:600px\" aria-label=\"Incorporado de M\u00eddia incorporada de Politizacao_do_tempo..\"><\/object><a href=\"https:\/\/3x22.bbm.usp.br\/wp-content\/uploads\/2021\/09\/Politizacao_do_tempo.pdf\">Politizacao_do_tempo<\/a><a href=\"https:\/\/3x22.bbm.usp.br\/wp-content\/uploads\/2021\/09\/Politizacao_do_tempo.pdf\" class=\"wp-block-file__button\" download>Baixar<\/a><\/div>\n\n\n\n<p class=\"has-text-align-right\"><strong><a href=\"https:\/\/3x22.bbm.usp.br\/?page_id=930\" title=\"Publica\u00e7\u00f5es\">Voltar \u00e0s Publica\u00e7\u00f5es<\/a><\/strong><\/p>\n","protected":false},"excerpt":{"rendered":"<p>Politiza\u00e7\u00e3o do tempo: temporaliza\u00e7\u00e3o dos discursos pol\u00edticos no processo de independ\u00eancia do Brasil (1820-1822) Voltar \u00e0s Publica\u00e7\u00f5es<\/p>\n","protected":false},"author":7,"featured_media":0,"parent":0,"menu_order":0,"comment_status":"closed","ping_status":"closed","template":"tw-no-title.php","meta":{"_uag_custom_page_level_css":"","footnotes":""},"class_list":["post-1139","page","type-page","status-publish","hentry"],"aioseo_notices":[],"uagb_featured_image_src":{"full":false,"thumbnail":false,"medium":false,"medium_large":false,"large":false,"1536x1536":false,"2048x2048":false,"post-thumbnail":false,"twentytwenty-fullscreen":false},"uagb_author_info":{"display_name":"Giovane Direnzi","author_link":"https:\/\/3x22.bbm.usp.br\/?author=7"},"uagb_comment_info":0,"uagb_excerpt":"Politiza\u00e7\u00e3o do tempo: temporaliza\u00e7\u00e3o dos discursos pol\u00edticos no processo de independ\u00eancia do Brasil (1820-1822) Voltar \u00e0s Publica\u00e7\u00f5es","_links":{"self":[{"href":"https:\/\/3x22.bbm.usp.br\/index.php?rest_route=\/wp\/v2\/pages\/1139","targetHints":{"allow":["GET"]}}],"collection":[{"href":"https:\/\/3x22.bbm.usp.br\/index.php?rest_route=\/wp\/v2\/pages"}],"about":[{"href":"https:\/\/3x22.bbm.usp.br\/index.php?rest_route=\/wp\/v2\/types\/page"}],"author":[{"embeddable":true,"href":"https:\/\/3x22.bbm.usp.br\/index.php?rest_route=\/wp\/v2\/users\/7"}],"replies":[{"embeddable":true,"href":"https:\/\/3x22.bbm.usp.br\/index.php?rest_route=%2Fwp%2Fv2%2Fcomments&post=1139"}],"version-history":[{"count":1,"href":"https:\/\/3x22.bbm.usp.br\/index.php?rest_route=\/wp\/v2\/pages\/1139\/revisions"}],"predecessor-version":[{"id":1141,"href":"https:\/\/3x22.bbm.usp.br\/index.php?rest_route=\/wp\/v2\/pages\/1139\/revisions\/1141"}],"wp:attachment":[{"href":"https:\/\/3x22.bbm.usp.br\/index.php?rest_route=%2Fwp%2Fv2%2Fmedia&parent=1139"}],"curies":[{"name":"wp","href":"https:\/\/api.w.org\/{rel}","templated":true}]}}