{"id":1273,"date":"2022-01-07T16:47:41","date_gmt":"2022-01-07T16:47:41","guid":{"rendered":"https:\/\/3x22.bbm.usp.br\/?page_id=1273"},"modified":"2023-10-17T17:07:17","modified_gmt":"2023-10-17T17:07:17","slug":"modulo-estado-e-educacao","status":"publish","type":"page","link":"https:\/\/3x22.bbm.usp.br\/?page_id=1273","title":{"rendered":"M\u00f3dulo Estado e Educa\u00e7\u00e3o"},"content":{"rendered":"\n<h2 class=\"wp-block-heading\">M\u00f3dulo Estado e Educa\u00e7\u00e3o<\/h2>\n\n\n\n<div data-wp-interactive=\"core\/file\" class=\"wp-block-file\"><object data-wp-bind--hidden=\"!state.hasPdfPreview\" hidden class=\"wp-block-file__embed\" data=\"https:\/\/3x22.bbm.usp.br\/wp-content\/uploads\/2022\/01\/Modulo-Estado-e-educacao.pdf\" type=\"application\/pdf\" style=\"width:100%;height:600px\" aria-label=\"Incorporado de M\u00eddia incorporada de Modulo-Estado-e-educacao..\"><\/object><a href=\"https:\/\/3x22.bbm.usp.br\/wp-content\/uploads\/2022\/01\/Modulo-Estado-e-educacao.pdf\">Modulo-Estado-e-educacao<\/a><a href=\"https:\/\/3x22.bbm.usp.br\/wp-content\/uploads\/2022\/01\/Modulo-Estado-e-educacao.pdf\" class=\"wp-block-file__button\" download>Baixar<\/a><\/div>\n\n\n\n<p class=\"has-text-align-right\"><strong><a href=\"https:\/\/3x22.bbm.usp.br\/?page_id=928\" title=\"3\u00d722 na Escola\">Voltar aos m\u00f3dulos<\/a><\/strong><\/p>\n","protected":false},"excerpt":{"rendered":"<p>M\u00f3dulo Estado e Educa\u00e7\u00e3o Voltar aos m\u00f3dulos<\/p>\n","protected":false},"author":7,"featured_media":0,"parent":0,"menu_order":0,"comment_status":"closed","ping_status":"closed","template":"tw-no-title.php","meta":{"_uag_custom_page_level_css":"","footnotes":""},"class_list":["post-1273","page","type-page","status-publish","hentry"],"aioseo_notices":[],"uagb_featured_image_src":{"full":false,"thumbnail":false,"medium":false,"medium_large":false,"large":false,"1536x1536":false,"2048x2048":false,"post-thumbnail":false,"twentytwenty-fullscreen":false},"uagb_author_info":{"display_name":"Giovane Direnzi","author_link":"https:\/\/3x22.bbm.usp.br\/?author=7"},"uagb_comment_info":0,"uagb_excerpt":"M\u00f3dulo Estado e Educa\u00e7\u00e3o Voltar aos m\u00f3dulos","_links":{"self":[{"href":"https:\/\/3x22.bbm.usp.br\/index.php?rest_route=\/wp\/v2\/pages\/1273","targetHints":{"allow":["GET"]}}],"collection":[{"href":"https:\/\/3x22.bbm.usp.br\/index.php?rest_route=\/wp\/v2\/pages"}],"about":[{"href":"https:\/\/3x22.bbm.usp.br\/index.php?rest_route=\/wp\/v2\/types\/page"}],"author":[{"embeddable":true,"href":"https:\/\/3x22.bbm.usp.br\/index.php?rest_route=\/wp\/v2\/users\/7"}],"replies":[{"embeddable":true,"href":"https:\/\/3x22.bbm.usp.br\/index.php?rest_route=%2Fwp%2Fv2%2Fcomments&post=1273"}],"version-history":[{"count":2,"href":"https:\/\/3x22.bbm.usp.br\/index.php?rest_route=\/wp\/v2\/pages\/1273\/revisions"}],"predecessor-version":[{"id":1291,"href":"https:\/\/3x22.bbm.usp.br\/index.php?rest_route=\/wp\/v2\/pages\/1273\/revisions\/1291"}],"wp:attachment":[{"href":"https:\/\/3x22.bbm.usp.br\/index.php?rest_route=%2Fwp%2Fv2%2Fmedia&parent=1273"}],"curies":[{"name":"wp","href":"https:\/\/api.w.org\/{rel}","templated":true}]}}