{"id":1292,"date":"2022-02-16T19:01:42","date_gmt":"2022-02-16T19:01:42","guid":{"rendered":"https:\/\/3x22.bbm.usp.br\/?page_id=1292"},"modified":"2023-10-17T17:07:17","modified_gmt":"2023-10-17T17:07:17","slug":"estado-e-educacao-caderno-do-professor","status":"publish","type":"page","link":"https:\/\/3x22.bbm.usp.br\/?page_id=1292","title":{"rendered":"Estado e educa\u00e7\u00e3o: caderno do professor"},"content":{"rendered":"\n<h2 class=\"wp-block-heading\" id=\"estado-e-educacao-caderno-do-professor\">Estado e educa\u00e7\u00e3o: caderno do professor<\/h2>\n\n\n\n<div data-wp-interactive=\"core\/file\" class=\"wp-block-file\"><object data-wp-bind--hidden=\"!state.hasPdfPreview\" hidden class=\"wp-block-file__embed\" data=\"https:\/\/3x22.bbm.usp.br\/wp-content\/uploads\/2022\/02\/Educacao_cadernodoprofessor-1.pdf\" type=\"application\/pdf\" style=\"width:100%;height:600px\" aria-label=\"Incorporado de Incorporado de Educacao_cadernodoprofessor-1..\"><\/object><a id=\"wp-block-file--media-bcfd77d2-a87e-43b9-8522-020175db4dfd\" href=\"https:\/\/3x22.bbm.usp.br\/wp-content\/uploads\/2022\/02\/Educacao_cadernodoprofessor-1.pdf\">Educacao_cadernodoprofessor-1<\/a><a href=\"https:\/\/3x22.bbm.usp.br\/wp-content\/uploads\/2022\/02\/Educacao_cadernodoprofessor-1.pdf\" class=\"wp-block-file__button\" download aria-describedby=\"wp-block-file--media-bcfd77d2-a87e-43b9-8522-020175db4dfd\">Baixar<\/a><\/div>\n\n\n\n<p class=\"has-text-align-right\"><strong><a href=\"https:\/\/3x22.bbm.usp.br\/?page_id=1204\" title=\"\u00c1rea do professor\">Voltar para \u00e1rea do professor.<\/a><\/strong><\/p>\n","protected":false},"excerpt":{"rendered":"<p>Estado e educa\u00e7\u00e3o: caderno do professor Voltar para \u00e1rea do professor.<\/p>\n","protected":false},"author":7,"featured_media":0,"parent":0,"menu_order":0,"comment_status":"closed","ping_status":"closed","template":"tw-no-title.php","meta":{"_uag_custom_page_level_css":"","footnotes":""},"class_list":["post-1292","page","type-page","status-publish","hentry"],"aioseo_notices":[],"uagb_featured_image_src":{"full":false,"thumbnail":false,"medium":false,"medium_large":false,"large":false,"1536x1536":false,"2048x2048":false,"post-thumbnail":false,"twentytwenty-fullscreen":false},"uagb_author_info":{"display_name":"Giovane Direnzi","author_link":"https:\/\/3x22.bbm.usp.br\/?author=7"},"uagb_comment_info":0,"uagb_excerpt":"Estado e educa\u00e7\u00e3o: caderno do professor Voltar para \u00e1rea do professor.","_links":{"self":[{"href":"https:\/\/3x22.bbm.usp.br\/index.php?rest_route=\/wp\/v2\/pages\/1292","targetHints":{"allow":["GET"]}}],"collection":[{"href":"https:\/\/3x22.bbm.usp.br\/index.php?rest_route=\/wp\/v2\/pages"}],"about":[{"href":"https:\/\/3x22.bbm.usp.br\/index.php?rest_route=\/wp\/v2\/types\/page"}],"author":[{"embeddable":true,"href":"https:\/\/3x22.bbm.usp.br\/index.php?rest_route=\/wp\/v2\/users\/7"}],"replies":[{"embeddable":true,"href":"https:\/\/3x22.bbm.usp.br\/index.php?rest_route=%2Fwp%2Fv2%2Fcomments&post=1292"}],"version-history":[{"count":3,"href":"https:\/\/3x22.bbm.usp.br\/index.php?rest_route=\/wp\/v2\/pages\/1292\/revisions"}],"predecessor-version":[{"id":1297,"href":"https:\/\/3x22.bbm.usp.br\/index.php?rest_route=\/wp\/v2\/pages\/1292\/revisions\/1297"}],"wp:attachment":[{"href":"https:\/\/3x22.bbm.usp.br\/index.php?rest_route=%2Fwp%2Fv2%2Fmedia&parent=1292"}],"curies":[{"name":"wp","href":"https:\/\/api.w.org\/{rel}","templated":true}]}}