{"id":1318,"date":"2022-03-07T14:43:51","date_gmt":"2022-03-07T14:43:51","guid":{"rendered":"https:\/\/3x22.bbm.usp.br\/?page_id=1318"},"modified":"2023-10-17T17:06:34","modified_gmt":"2023-10-17T17:06:34","slug":"3x22-na-escola-estado-e-meio-ambiente-publicacao","status":"publish","type":"page","link":"https:\/\/3x22.bbm.usp.br\/?page_id=1318","title":{"rendered":"3&#215;22 na Escola: Estado e Meio ambiente (publica\u00e7\u00e3o)."},"content":{"rendered":"\n<h3 class=\"wp-block-heading\">3&#215;22 na Escola: Estado e Meio ambiente (publica\u00e7\u00e3o). <\/h3>\n\n\n\n<div data-wp-interactive=\"core\/file\" class=\"wp-block-file\"><object data-wp-bind--hidden=\"!state.hasPdfPreview\" hidden class=\"wp-block-file__embed\" data=\"https:\/\/3x22.bbm.usp.br\/wp-content\/uploads\/2022\/03\/3x22-Meio-ambiente_livro-completo.pdf\" type=\"application\/pdf\" style=\"width:100%;height:600px\" aria-label=\"Incorporado de Incorporado de 3x22-Meio-ambiente_livro-completo..\"><\/object><a id=\"wp-block-file--media-89bc9fce-663c-4994-98d8-2df20c398e60\" href=\"https:\/\/3x22.bbm.usp.br\/wp-content\/uploads\/2022\/03\/3x22-Meio-ambiente_livro-completo.pdf\">3&#215;22-Meio-ambiente_livro-completo<\/a><a href=\"https:\/\/3x22.bbm.usp.br\/wp-content\/uploads\/2022\/03\/3x22-Meio-ambiente_livro-completo.pdf\" class=\"wp-block-file__button\" download aria-describedby=\"wp-block-file--media-89bc9fce-663c-4994-98d8-2df20c398e60\">Baixar<\/a><\/div>\n\n\n\n<p class=\"has-text-align-right\"><strong><a href=\"https:\/\/3x22.bbm.usp.br\/?page_id=930\" title=\"Publica\u00e7\u00f5es\">Voltar \u00e0s publica\u00e7\u00f5es.<\/a><\/strong><\/p>\n","protected":false},"excerpt":{"rendered":"<p>3&#215;22 na Escola: Estado e Meio ambiente (publica\u00e7\u00e3o). Voltar \u00e0s publica\u00e7\u00f5es.<\/p>\n","protected":false},"author":7,"featured_media":0,"parent":0,"menu_order":0,"comment_status":"closed","ping_status":"closed","template":"tw-no-title.php","meta":{"_uag_custom_page_level_css":"","footnotes":""},"class_list":["post-1318","page","type-page","status-publish","hentry"],"aioseo_notices":[],"uagb_featured_image_src":{"full":false,"thumbnail":false,"medium":false,"medium_large":false,"large":false,"1536x1536":false,"2048x2048":false,"post-thumbnail":false,"twentytwenty-fullscreen":false},"uagb_author_info":{"display_name":"Giovane Direnzi","author_link":"https:\/\/3x22.bbm.usp.br\/?author=7"},"uagb_comment_info":0,"uagb_excerpt":"3&#215;22 na Escola: Estado e Meio ambiente (publica\u00e7\u00e3o). Voltar \u00e0s publica\u00e7\u00f5es.","_links":{"self":[{"href":"https:\/\/3x22.bbm.usp.br\/index.php?rest_route=\/wp\/v2\/pages\/1318","targetHints":{"allow":["GET"]}}],"collection":[{"href":"https:\/\/3x22.bbm.usp.br\/index.php?rest_route=\/wp\/v2\/pages"}],"about":[{"href":"https:\/\/3x22.bbm.usp.br\/index.php?rest_route=\/wp\/v2\/types\/page"}],"author":[{"embeddable":true,"href":"https:\/\/3x22.bbm.usp.br\/index.php?rest_route=\/wp\/v2\/users\/7"}],"replies":[{"embeddable":true,"href":"https:\/\/3x22.bbm.usp.br\/index.php?rest_route=%2Fwp%2Fv2%2Fcomments&post=1318"}],"version-history":[{"count":1,"href":"https:\/\/3x22.bbm.usp.br\/index.php?rest_route=\/wp\/v2\/pages\/1318\/revisions"}],"predecessor-version":[{"id":1319,"href":"https:\/\/3x22.bbm.usp.br\/index.php?rest_route=\/wp\/v2\/pages\/1318\/revisions\/1319"}],"wp:attachment":[{"href":"https:\/\/3x22.bbm.usp.br\/index.php?rest_route=%2Fwp%2Fv2%2Fmedia&parent=1318"}],"curies":[{"name":"wp","href":"https:\/\/api.w.org\/{rel}","templated":true}]}}