{"id":693,"date":"2021-09-02T19:45:34","date_gmt":"2021-09-02T19:45:34","guid":{"rendered":"https:\/\/3x22.bbm.usp.br\/?page_id=693"},"modified":"2023-10-17T17:06:35","modified_gmt":"2023-10-17T17:06:35","slug":"mulheridades","status":"publish","type":"page","link":"https:\/\/3x22.bbm.usp.br\/?page_id=693","title":{"rendered":"Boletim 6 &#8211; Mulheridades"},"content":{"rendered":"\n<h4 class=\"has-text-align-center wp-block-heading\">Boletim 3&#215;22 N\u00ba 6: Mulheridades<\/h4>\n\n\n\n<div class=\"wp-block-columns is-layout-flex wp-container-core-columns-is-layout-9d6595d7 wp-block-columns-is-layout-flex\">\n<div class=\"wp-block-column is-layout-flow wp-block-column-is-layout-flow\">\n<blockquote class=\"wp-block-quote is-layout-flow wp-block-quote-is-layout-flow\"><p> &#8220;Mulher \u00e9 desdobr\u00e1vel&#8221;: Este foi o mote e o processo de amadurecimento desta edi\u00e7\u00e3o. Se <em>polytropos<\/em> fora o ep\u00edteto de um her\u00f3i circunscrito no masculino, aquele de muitos caminhos &#8211; geogr\u00e1ficos e ret\u00f3ricos -, em nosso presente se faz justo se conjugado \u00e0s mulheridades poss\u00edveis: hoje estas t\u00eam maior mobilidade no espa\u00e7o e dom\u00ednio discursivo, podem invocar a si mesmas como musas e cantar os pr\u00f3prios feitos her\u00f3icos e de suas pares. Um hero\u00edsmo que tamb\u00e9m est\u00e1 na ordem do cotidiano, muitas vezes sem gl\u00f3rias reconhecidas e carregado de desigualdades.<\/p><\/blockquote>\n\n\n\n<div data-wp-interactive=\"core\/file\" class=\"wp-block-file\"><object data-wp-bind--hidden=\"!state.hasPdfPreview\" hidden class=\"wp-block-file__embed\" data=\"https:\/\/3x22.bbm.usp.br\/wp-content\/uploads\/2021\/08\/Boletim_Mulheridades_-_atualizado-1.pdf\" type=\"application\/pdf\" style=\"width:100%;height:600px\" aria-label=\"Incorporado de M\u00eddia incorporada de Boletim_Mulheridades..\"><\/object><a href=\"https:\/\/3x22.bbm.usp.br\/wp-content\/uploads\/2021\/08\/Boletim_Mulheridades_-_atualizado-1.pdf\">Boletim_Mulheridades<\/a><a href=\"https:\/\/3x22.bbm.usp.br\/wp-content\/uploads\/2021\/08\/Boletim_Mulheridades_-_atualizado-1.pdf\" class=\"wp-block-file__button\" download>Baixar<\/a><\/div>\n<\/div>\n<\/div>\n\n\n\n<div class=\"wp-block-columns is-layout-flex wp-container-core-columns-is-layout-9d6595d7 wp-block-columns-is-layout-flex\">\n<div class=\"wp-block-column is-layout-flow wp-block-column-is-layout-flow\">\n<h4 class=\"wp-block-heading\">Para ler nesta edi\u00e7\u00e3o<\/h4>\n\n\n\n<p><strong>Mulher \u00e9 desdobr\u00e1vel<\/strong><\/p>\n\n\n\n<p>P\u00e1gina 08 &#8211; Editorial <\/p>\n\n\n\n<p><strong>Refazer o caminho dos fios entre os furos<\/strong><br>P\u00e1gina 14 &#8211; Uma homenagem a Guita Mindlin, por Bruna Martins<br>P\u00e1gina 17 &#8211; Carta de Betty Mindlin <br>P\u00e1gina 22 &#8211; Minha m\u00e3e e eu, por Marina de Mello e Souza <\/p>\n\n\n\n<p><strong>Se viverdes em mim, vereis at\u00e9 onde me estendo<br><\/strong>P\u00e1gina 32 &#8211; Mulheres e artes visuais: o caso de Anita Malfatti, por Ana Paula Cavalcanti Simioni <\/p>\n\n\n\n<p><strong>Eu sei o bicho que me come dentro<\/strong><br>P\u00e1gina 40 &#8211; O neocanibalismo cordial: contatos er\u00f3ticos e violentos entre o passado e o presente na Arte Contempor\u00e2nea brasileira, por Isabelle Anchieta<\/p>\n\n\n\n<p><strong>Que am\u00e9m as travas tamb\u00e9m<\/strong>  <br>P\u00e1gina 52 &#8211; Manifesto traveco-terrorista, por Tertuliana Lustosa<br>P\u00e1gina 67 &#8211; Transformando a cena teatral brasileira, entrevista com Renata Carvalho<\/p>\n\n\n\n<p><strong>A noite n\u00e3o adormece nos olhos das mulheres<\/strong><br>P\u00e1gina 78 &#8211; Mulheres negras: ressignifica\u00e7\u00e3o do imagin\u00e1rio e liberdade, por Cl\u00e9lia R. S. Prestes &amp; Maria L\u00facia da Silva<\/p>\n\n\n\n<p>P\u00e1gina 88 &#8211; Fic\u00e7\u00e3o: f\u00e9rtil como terra preta, por Fernanda R. Miranda   <\/p>\n\n\n\n<p><strong>Marca de mito embot\u00e1vel\/ mist\u00e9rio que a tudo anuncia<\/strong><br>P\u00e1gina 124 &#8211; Mulheres e antiguidade cl\u00e1ssica, entrevista com Giuliana Ragusa<br>P\u00e1gina 130 &#8211; Cartografando as mulheres na am\u00e9rica portuguesa, entrevista com Maria Clara Paix\u00e3o de Sousa &amp; Vanessa Martins do Monte<\/p>\n<\/div>\n<\/div>\n\n\n\n<p class=\"has-text-align-right\"><a href=\"https:\/\/3x22.bbm.usp.br\/?page_id=120\" data-type=\"page\" data-id=\"120\">Voltar aos Boletins<\/a><\/p>\n","protected":false},"excerpt":{"rendered":"<p>Boletim 3&#215;22 N\u00ba 6: Mulheridades &#8220;Mulher \u00e9 desdobr\u00e1vel&#8221;: Este foi o mote e o processo de amadurecimento desta edi\u00e7\u00e3o. Se polytropos fora o ep\u00edteto de um her\u00f3i circunscrito no masculino, aquele de muitos caminhos &#8211; geogr\u00e1ficos e ret\u00f3ricos -, em nosso presente se faz justo se conjugado \u00e0s mulheridades poss\u00edveis: hoje estas t\u00eam maior mobilidade&hellip;<\/p>\n","protected":false},"author":8,"featured_media":0,"parent":0,"menu_order":0,"comment_status":"closed","ping_status":"closed","template":"tw-no-title.php","meta":{"_uag_custom_page_level_css":"","footnotes":""},"class_list":["post-693","page","type-page","status-publish","hentry"],"aioseo_notices":[],"uagb_featured_image_src":{"full":false,"thumbnail":false,"medium":false,"medium_large":false,"large":false,"1536x1536":false,"2048x2048":false,"post-thumbnail":false,"twentytwenty-fullscreen":false},"uagb_author_info":{"display_name":"Bruna Xavier Martins","author_link":"https:\/\/3x22.bbm.usp.br\/?author=8"},"uagb_comment_info":0,"uagb_excerpt":"Boletim 3&#215;22 N\u00ba 6: Mulheridades &#8220;Mulher \u00e9 desdobr\u00e1vel&#8221;: Este foi o mote e o processo de amadurecimento desta edi\u00e7\u00e3o. Se polytropos fora o ep\u00edteto de um her\u00f3i circunscrito no masculino, aquele de muitos caminhos &#8211; geogr\u00e1ficos e ret\u00f3ricos -, em nosso presente se faz justo se conjugado \u00e0s mulheridades poss\u00edveis: hoje estas t\u00eam maior mobilidade&hellip;","_links":{"self":[{"href":"https:\/\/3x22.bbm.usp.br\/index.php?rest_route=\/wp\/v2\/pages\/693","targetHints":{"allow":["GET"]}}],"collection":[{"href":"https:\/\/3x22.bbm.usp.br\/index.php?rest_route=\/wp\/v2\/pages"}],"about":[{"href":"https:\/\/3x22.bbm.usp.br\/index.php?rest_route=\/wp\/v2\/types\/page"}],"author":[{"embeddable":true,"href":"https:\/\/3x22.bbm.usp.br\/index.php?rest_route=\/wp\/v2\/users\/8"}],"replies":[{"embeddable":true,"href":"https:\/\/3x22.bbm.usp.br\/index.php?rest_route=%2Fwp%2Fv2%2Fcomments&post=693"}],"version-history":[{"count":22,"href":"https:\/\/3x22.bbm.usp.br\/index.php?rest_route=\/wp\/v2\/pages\/693\/revisions"}],"predecessor-version":[{"id":838,"href":"https:\/\/3x22.bbm.usp.br\/index.php?rest_route=\/wp\/v2\/pages\/693\/revisions\/838"}],"wp:attachment":[{"href":"https:\/\/3x22.bbm.usp.br\/index.php?rest_route=%2Fwp%2Fv2%2Fmedia&parent=693"}],"curies":[{"name":"wp","href":"https:\/\/api.w.org\/{rel}","templated":true}]}}