{"id":7,"date":"2021-07-31T17:52:26","date_gmt":"2021-07-31T17:52:26","guid":{"rendered":"https:\/\/3x22.bbm.usp.br\/?page_id=7"},"modified":"2023-10-17T17:07:35","modified_gmt":"2023-10-17T17:07:35","slug":"sobre","status":"publish","type":"page","link":"https:\/\/3x22.bbm.usp.br\/?page_id=7","title":{"rendered":"Sobre o 3&#215;22"},"content":{"rendered":"\n<div class=\"wp-block-buttons is-content-justification-right is-layout-flex wp-block-buttons-is-layout-flex\"><\/div>\n\n\n\n<div class=\"wp-block-columns alignfull is-layout-flex wp-container-core-columns-is-layout-9d6595d7 wp-block-columns-is-layout-flex\">\n<div class=\"wp-block-column is-layout-flow wp-block-column-is-layout-flow\" style=\"--col-width:66.66%;flex-basis:66.66%\">\n<h2 class=\"has-text-align-left wp-block-heading\">O Projeto 3&#215;22<\/h2>\n\n\n\n<p>Ao completar o bicenten\u00e1rio da Independ\u00eancia e o centen\u00e1rio da Semana de Arte Moderna no ano de 2022, abre-se oportunidade para refletir e redimensionar a hist\u00f3ria da nossa forma\u00e7\u00e3o \u2013 do Estado e da Sociedade, assim como da cultura hist\u00f3rica brasileira. O projeto 3 vezes 22 n\u00e3o \u00e9 a celebra\u00e7\u00e3o de duas datas can\u00f4nicas, mas sim uma tentativa de entrecruzar as temporalidades da Independ\u00eancia (1822), do Modernismo (1922) e da hist\u00f3ria do nosso tempo presente (2022). A reflex\u00e3o cr\u00edtica mediada pelos desafios do presente contempla o legado deixado pelas narrativas sobre o movimento modernista e os projetos de constru\u00e7\u00e3o da na\u00e7\u00e3o. <\/p>\n\n\n\n<p>O projeto 3 vezes 22, portanto, vale-se do rico material conservado pela Biblioteca Brasiliana Guita e Jos\u00e9 Mindlin, dos documentos, livros e autores esquecidos e renegados pelas vertentes dominantes de nossa historiografia, para encontrar as evid\u00eancias, as perspectivas e as interpreta\u00e7\u00f5es que possam contribuir para a an\u00e1lise de nossa hist\u00f3ria, projetando quest\u00f5es que possam nortear a constru\u00e7\u00e3o de um novo horizonte de autonomia, ao menos no plano da cultura e da ci\u00eancia. <\/p>\n\n\n\n<p>No Portal 3&#215;22 \u00e9 poss\u00edvel encontrar boletins com mat\u00e9rias e entrevistas que exploram tem\u00e1ticas centrais extra\u00eddas do confronto das tr\u00eas temporalidades; kits did\u00e1ticos que oferecem material para debater temas que n\u00e3o est\u00e3o presentes nos curr\u00edculos de Ensino M\u00e9dio e Fundamental; as publica\u00e7\u00f5es resultantes de pesquisas e eventos realizados pela BBM; e, ainda, v\u00eddeos e o hist\u00f3rico de eventos realizados ao longo dos \u00faltimos anos. <\/p>\n<\/div>\n\n\n\n<div class=\"wp-block-column is-layout-flow wp-block-column-is-layout-flow\" style=\"--col-width:33.33%;flex-basis:33.33%\">\n<div style=\"height:52px\" aria-hidden=\"true\" class=\"wp-block-spacer\"><\/div>\n\n\n\n<figure class=\"wp-block-image size-large\"><img loading=\"lazy\" decoding=\"async\" width=\"1024\" height=\"799\" src=\"https:\/\/3x22.bbm.usp.br\/wp-content\/uploads\/2021\/08\/3X22-2-1024x799.png\" alt=\"\" class=\"wp-image-232\" srcset=\"https:\/\/3x22.bbm.usp.br\/wp-content\/uploads\/2021\/08\/3X22-2-1024x799.png 1024w, https:\/\/3x22.bbm.usp.br\/wp-content\/uploads\/2021\/08\/3X22-2-300x234.png 300w, https:\/\/3x22.bbm.usp.br\/wp-content\/uploads\/2021\/08\/3X22-2-768x599.png 768w, https:\/\/3x22.bbm.usp.br\/wp-content\/uploads\/2021\/08\/3X22-2-77x60.png 77w, https:\/\/3x22.bbm.usp.br\/wp-content\/uploads\/2021\/08\/3X22-2.png 1181w\" sizes=\"auto, (max-width: 1024px) 100vw, 1024px\" \/><\/figure>\n\n\n\n<p class=\"has-text-align-center\">Logo elaborado por Osi Nascimento<\/p>\n<\/div>\n<\/div>\n\n\n\n<figure class=\"wp-block-image alignwide size-large\"><a href=\"https:\/\/www.bbm.usp.br\/pt-br\/\"><img loading=\"lazy\" decoding=\"async\" width=\"1024\" height=\"330\" src=\"https:\/\/3x22.bbm.usp.br\/wp-content\/uploads\/2021\/08\/Brasiliana-Foto-Marcos-Santos-recorte-e1536066477716-1024x330.jpg\" alt=\"\" class=\"wp-image-614\" srcset=\"https:\/\/3x22.bbm.usp.br\/wp-content\/uploads\/2021\/08\/Brasiliana-Foto-Marcos-Santos-recorte-e1536066477716-1024x330.jpg 1024w, https:\/\/3x22.bbm.usp.br\/wp-content\/uploads\/2021\/08\/Brasiliana-Foto-Marcos-Santos-recorte-e1536066477716-300x97.jpg 300w, https:\/\/3x22.bbm.usp.br\/wp-content\/uploads\/2021\/08\/Brasiliana-Foto-Marcos-Santos-recorte-e1536066477716-768x248.jpg 768w, https:\/\/3x22.bbm.usp.br\/wp-content\/uploads\/2021\/08\/Brasiliana-Foto-Marcos-Santos-recorte-e1536066477716.jpg 1153w\" sizes=\"auto, (max-width: 1024px) 100vw, 1024px\" \/><\/a><\/figure>\n\n\n\n<div class=\"wp-block-columns alignfull is-layout-flex wp-container-core-columns-is-layout-9d6595d7 wp-block-columns-is-layout-flex\">\n<div class=\"wp-block-column is-layout-flow wp-block-column-is-layout-flow\" style=\"--col-width:33.33%;flex-basis:33.33%\">\n<div style=\"height:54px\" aria-hidden=\"true\" class=\"wp-block-spacer\"><\/div>\n\n\n\n<figure class=\"wp-block-image size-large\"><img loading=\"lazy\" decoding=\"async\" width=\"1024\" height=\"682\" src=\"https:\/\/3x22.bbm.usp.br\/wp-content\/uploads\/2021\/08\/bbmac-1024x682.jpg\" alt=\"\" class=\"wp-image-622\" srcset=\"https:\/\/3x22.bbm.usp.br\/wp-content\/uploads\/2021\/08\/bbmac-1024x682.jpg 1024w, https:\/\/3x22.bbm.usp.br\/wp-content\/uploads\/2021\/08\/bbmac-300x200.jpg 300w, https:\/\/3x22.bbm.usp.br\/wp-content\/uploads\/2021\/08\/bbmac-768x512.jpg 768w, https:\/\/3x22.bbm.usp.br\/wp-content\/uploads\/2021\/08\/bbmac-1536x1024.jpg 1536w, https:\/\/3x22.bbm.usp.br\/wp-content\/uploads\/2021\/08\/bbmac-1200x800.jpg 1200w, https:\/\/3x22.bbm.usp.br\/wp-content\/uploads\/2021\/08\/bbmac-1980x1320.jpg 1980w, https:\/\/3x22.bbm.usp.br\/wp-content\/uploads\/2021\/08\/bbmac.jpg 2000w\" sizes=\"auto, (max-width: 1024px) 100vw, 1024px\" \/><\/figure>\n<\/div>\n\n\n\n<div class=\"wp-block-column is-layout-flow wp-block-column-is-layout-flow\" style=\"--col-width:66.66%;flex-basis:66.66%\">\n<h2 class=\"wp-block-heading\">BBM\/USP<\/h2>\n\n\n\n<p>A Biblioteca Brasiliana Guita e Jos\u00e9 Mindlin (BBM), \u00f3rg\u00e3o da Pr\u00f3-Reitoria de Cultura e Extens\u00e3o Universit\u00e1ria da Universidade de S\u00e3o Paulo (USP), possui um dos mais ricos acervos de brasiliana no pa\u00eds, constitu\u00edda por aproximadamente 60 mil volumes.<a href=\"#_ftn1\">[1]<\/a> O acervo doado \u00e0 USP em 2006 re\u00fane material sobre o Brasil ou que, tendo sido escrito e\/ou publicado por brasileiros, sejam importantes para a compreens\u00e3o da cultura e hist\u00f3ria do pa\u00eds.&nbsp;Trata-se de uma jovem biblioteca, inaugurada na Universidade de S\u00e3o Paulo em mar\u00e7o de 2013, cuja forma\u00e7\u00e3o de seu acervo, todavia, possui uma longa hist\u00f3ria de constru\u00e7\u00e3o junto \u00e0 fam\u00edlia Mindlin.&nbsp; <\/p>\n\n\n\n<p>A biblioteca formada por Guita e Jos\u00e9 Mindlin e doada \u00e0 Universidade de S\u00e3o Paulo em 2006 \u00e9 formada por quatro principais vertentes tem\u00e1ticas: assuntos brasileiros, literatura em geral, livros de arte, e livros como objeto de arte em virtude de seus tra\u00e7os tipogr\u00e1ficos, de sua diagrama\u00e7\u00e3o, ilustra\u00e7\u00e3o, encaderna\u00e7\u00e3o, entre outros aspectos. Como parte das quatro vertentes tem\u00e1ticas \u00e9 poss\u00edvel encontrar obras de literatura, de hist\u00f3ria, relatos de viajantes, manuscritos hist\u00f3ricos e liter\u00e1rios, documentos, peri\u00f3dicos, mapas, livros cient\u00edficos e did\u00e1ticos, iconografia e livros de artistas. <\/p>\n\n\n\n<p>Tratando-se de um rico acervo, composto inclusive por uma parcela significativa de obras raras, a BBM tem buscado garantir a dissemina\u00e7\u00e3o de sua cole\u00e7\u00e3o promovendo eventos na sede da biblioteca, fomentando atividades de pesquisa a partir do acervo, mediando o contato dos leitores com os livros, como tamb\u00e9m dando ampla divulga\u00e7\u00e3o \u00e0s obras por meio da constitui\u00e7\u00e3o de uma biblioteca digital. Por meio do acervo da BBM, o projeto <em>3 vezes 22<\/em> dever\u00e1 oferecer material in\u00e9dito ou pouco explorado para que novas vers\u00f5es sobre a Independ\u00eancia e sobre o modernismo possam ser apresentadas, no intuito de responder aos dilemas de nossa sociedade contempor\u00e2nea.<\/p>\n\n\n\n<p><a href=\"https:\/\/www.bbm.usp.br\/pt-br\/\">Acesse o site do Biblioteca para conhecer mais. <\/a><\/p>\n\n\n\n<pre class=\"wp-block-verse\"><a href=\"#_ftnref1\">[1]<\/a> Conforme o conceito consagrado por Rubens Borba de Moraes: \u201cCole\u00e7\u00e3o Brasiliana: livros sobre o Brasil \u2013 no todo ou em parte, impressos ou gravados desde o s\u00e9culo XVI at\u00e9 o final do s\u00e9culo XIX (1900 inclusive), e os livros de autores brasileiros impressos ou gravados no estrangeiro at\u00e9 1808\u201d; adicionalmente, o Moraes definiu cole\u00e7\u00e3o Brasiliense como \u201clivros impressos no Brasil, de 1808 at\u00e9 nossos dias, que tenham valor bibliof\u00edlico: edi\u00e7\u00f5es da tipografia r\u00e9gia, primeiras edi\u00e7\u00f5es por unidades federativas, edi\u00e7\u00f5es pr\u00edncipes, primitivas ou originais e edi\u00e7\u00f5es&nbsp; em vida \u2013&nbsp; liter\u00e1rias, t\u00e9cnicas e cient\u00edficas; edi\u00e7\u00f5es&nbsp; fora&nbsp; de&nbsp; mercado,&nbsp; produzidas&nbsp; por&nbsp; subscri\u00e7\u00e3o;&nbsp; edi\u00e7\u00f5es&nbsp; de&nbsp; artista\u201d. Conferir site da Biblioteca Nacional: <a href=\"http:\/\/bndigital.bn.gov.br\/projetos\/200anos\/brasiliana.html\">http:\/\/bndigital.bn.gov.br\/projetos\/200anos\/brasiliana.html<\/a>&nbsp;&nbsp;<\/pre>\n<\/div>\n<\/div>\n\n\n\n<figure class=\"wp-block-image alignwide size-large\"><img loading=\"lazy\" decoding=\"async\" width=\"1024\" height=\"257\" src=\"https:\/\/3x22.bbm.usp.br\/wp-content\/uploads\/2021\/08\/Americo-1024x257.png\" alt=\"\" class=\"wp-image-627\" srcset=\"https:\/\/3x22.bbm.usp.br\/wp-content\/uploads\/2021\/08\/Americo-1024x257.png 1024w, https:\/\/3x22.bbm.usp.br\/wp-content\/uploads\/2021\/08\/Americo-300x75.png 300w, https:\/\/3x22.bbm.usp.br\/wp-content\/uploads\/2021\/08\/Americo-768x193.png 768w, https:\/\/3x22.bbm.usp.br\/wp-content\/uploads\/2021\/08\/Americo-1536x386.png 1536w, https:\/\/3x22.bbm.usp.br\/wp-content\/uploads\/2021\/08\/Americo-2048x514.png 2048w, https:\/\/3x22.bbm.usp.br\/wp-content\/uploads\/2021\/08\/Americo-1200x301.png 1200w, https:\/\/3x22.bbm.usp.br\/wp-content\/uploads\/2021\/08\/Americo-1980x497.png 1980w\" sizes=\"auto, (max-width: 1024px) 100vw, 1024px\" \/><\/figure>\n\n\n\n<h3 class=\"has-text-align-center wp-block-heading\">Equipe 3&#215;22<\/h3>\n\n\n\n<p>A Equipe 3&#215;22 \u00e9 composta por estudantes de gradua\u00e7\u00e3o, bolsistas e estagi\u00e1rios da Universidade de S\u00e3o Paulo, sob coordena\u00e7\u00e3o do Prof. Dr. Alexandre Macchione Saes (FEA-USP). Entre 2018 e 2021, a equipe produziu e publicou os Boletins 3&#215;22, os Kit Did\u00e1ticos em parceria com o LEMAD-USP, e a exposi\u00e7\u00e3o virtual &#8220;200 Livros para pensar o Brasil&#8221;, em conjunto com o setor Educativo da BBM, o projeto 3&#215;22 na Escola, com apoio da professora Janice Theodoro, al\u00e9m de ter organizado o semin\u00e1rio \u201cNenhum Brasil Existe. Acaso existir\u00e3o os brasileiros?&#8221;, e criado o Portal 3&#215;22 para reunir estes e outros materiais ligados ao projeto.<\/p>\n\n\n\n<div class=\"wp-block-columns is-layout-flex wp-container-core-columns-is-layout-9d6595d7 wp-block-columns-is-layout-flex\">\n<div class=\"wp-block-column is-layout-flow wp-block-column-is-layout-flow\">\n<h6 class=\"wp-block-heading\"><strong>Coordenador<\/strong><\/h6>\n\n\n\n<p>Alexandre Macchione Saes<\/p>\n\n\n\n<h6 class=\"wp-block-heading\"><strong>Bolsistas e estagi\u00e1rios<\/strong><\/h6>\n\n\n\n<p>Alaine Lizandra, Ana Tiecher, Andressa Villagra, Bruna Martins, Franklin Pontes, Giovane Direnzi, Leticia Scupinari, Lucas Fernandes, Mariana Garcia, Marina da Silva, Norberto de Assis, Rafael Pedro, Stephany Barbosa, Tha\u00eds Freitas <\/p>\n\n\n\n<p><strong>CONHE\u00c7A OS PROJETOS<\/strong><\/p>\n\n\n\n<p><a href=\"https:\/\/3x22.bbm.usp.br\/?page_id=928\" title=\"3\u00d722 na Escola\"><strong>3&#215;22 na escola<\/strong><\/a>: com a coordena\u00e7\u00e3o de Janice Theodoro e Alexandre Saes<\/p>\n\n\n\n<p><strong><a href=\"https:\/\/3x22.bbm.usp.br\/?page_id=87\" title=\"Kits Did\u00e1ticos\">Kits did\u00e1ticos<\/a><\/strong>: em parceria com o LEMAD-USP<\/p>\n\n\n\n<p><a href=\"https:\/\/3x22.bbm.usp.br\/?page_id=62\" title=\"200 livros\"><strong>200 livros para pensar o Brasil<\/strong><\/a>: em parceria com o Setor Educativo da BBM<\/p>\n\n\n\n<p><strong><a href=\"https:\/\/3x22.bbm.usp.br\/?page_id=1182\" title=\"Sobre o Boletim 3\u00d722\">Boletins 3&#215;22<\/a><\/strong><\/p>\n<\/div>\n<\/div>\n\n\n\n<h3 class=\"has-text-align-center wp-block-heading\">Comiss\u00e3o Organizadora<\/h3>\n\n\n\n<p>A comiss\u00e3o organizadora dos eventos realizados pela BBM\/USP relacionados ao projeto 3 vezes 22 \u00e9 composta por duas subcomiss\u00f5es relativas aos eventos comemorativos de Duzentos Anos da Independ\u00eancia e de Cem Anos da Semana de Arte Moderna, institu\u00eddas por meio de Portaria da Biblioteca Mindlin e da Pr\u00f3-Reitoria de Cultura e Extens\u00e3o Universit\u00e1ria da Universidade de S\u00e3o Paulo. <\/p>\n\n\n\n<p>A comiss\u00e3o organizadora foi respons\u00e1vel pela realiza\u00e7\u00e3o de eventos e semin\u00e1rios que abordavam, em sua complexidade, as tem\u00e1ticas do 3 vezes 22. Por meio de parcerias, membros da comiss\u00e3o coordenaram a realiza\u00e7\u00e3o de semin\u00e1rios no Centro de Pesquisa e Forma\u00e7\u00e3o do SESC\/SP, ciclos de palestras no Caf\u00e9 Filos\u00f3ficos do Instituto CPFL e eventos na Universidade de S\u00e3o Paulo. A comiss\u00e3o foi respons\u00e1vel tamb\u00e9m pelo concurso de teses e disserta\u00e7\u00f5es sobre o bicenten\u00e1rio da Independ\u00eancia e sobre o centen\u00e1rio da Semana de Arte Moderna, assim como pela organiza\u00e7\u00e3o de livros publicados na cole\u00e7\u00e3o 3 vezes 22.<\/p>\n\n\n\n<p class=\"has-text-align-right\"><a href=\"https:\/\/3x22.bbm.usp.br\/?page_id=765\">CONFIRA OS EVENTOS REALIZADOS<\/a><\/p>\n\n\n\n<h5 class=\"has-text-align-center wp-block-heading\"> <strong>Portaria BBM-PRCEU-2, de 30-05-2017<\/strong> <\/h5>\n\n\n\n<p><em>Constitui a Comiss\u00e3o Organizadora dos Eventos Comemorativos de Duzentos Anos da Independ\u00eancia, no \u00e2mbito da Biblioteca Brasiliana Guita e Jos\u00e9 Mindlin, \u00d3rg\u00e3o da Pr\u00f3-Reitoria de Cultura e Extens\u00e3o Universit\u00e1ria da Universidade de S\u00e3o Paulo e d\u00e1 outras provid\u00eancias.<\/em><\/p>\n\n\n\n<div class=\"wp-block-columns is-layout-flex wp-container-core-columns-is-layout-9d6595d7 wp-block-columns-is-layout-flex\">\n<div class=\"wp-block-column is-layout-flow wp-block-column-is-layout-flow\">\n<p>Alexandre Macchione Saes (FEA-USP), Antonio Dimas de Moraes (FFLCH-USP), Cec\u00edlia Helena Salles de Oliveira (MP-USP), Cilaine Alves da Cunha (FFLCH-USP), Erwin Torralbo Gimenez (FFLCH-USP), F\u00e1bio de Souza Andrade (FFLCH-USP), \u00cdris Kantor (FFLCH-USP), Jo\u00e3o Adolfo Hansen (FFLCH-USP), Jo\u00e3o Paulo Garrido Pimenta (FFLCH-USP), Jo\u00e3o Roberto Faria (FFLCH-USP), Maria Cristina de Carvalho Antunes (BBM-USP), Miguel Soares Palmeira (FFLCH\/USP)<\/p>\n<\/div>\n<\/div>\n\n\n\n<h5 class=\"has-text-align-center wp-block-heading\"><strong>Portaria BBM-PRCEU-3, de 30-5-2017<\/strong><\/h5>\n\n\n\n<p><em>Constitui a Comiss\u00e3o Organizadora dos Eventos Comemorativos de Cem Anos da Semana de Arte Moderna, no \u00e2mbito da Biblioteca Brasiliana Guita e Jos\u00e9 Mindlin, \u00d3rg\u00e3o da Pr\u00f3-Reitoria de Cultura e Extens\u00e3o Universit\u00e1ria da Universidade de S\u00e3o Paulo e d\u00e1 outras provid\u00eancias.<\/em><\/p>\n\n\n\n<div class=\"wp-block-columns is-layout-flex wp-container-core-columns-is-layout-9d6595d7 wp-block-columns-is-layout-flex\">\n<div class=\"wp-block-column is-layout-flow wp-block-column-is-layout-flow\">\n<p>Alexandre Macchione Saes (FEA-USP), Antonio Dimas de Moraes (FFLCH-USP), Elias Thom\u00e9 Saliba (FFLCH-USP), Erwin Torralbo Gimenez (FFLCH-USP), F\u00e1bio de Souza Andrade (FFLCH-USP), Francisco Cabral Alambert (FFLCH-USP), \u00cdris Kantor (FFLCH-USP), Ivan Marques (FFLCH-USP), Jo\u00e3o Adolfo Hansen (FFLCH-USP), Marcos Moraes (IEB-USP), Maria Cristina de Carvalho Antunes (BBM-USP), Miguel Soares Palmeira (FFLCH\/USP)<\/p>\n<\/div>\n<\/div>\n\n\n\n<p><strong>Biblioteca Brasiliana Guita e Jos\u00e9 Mindlin<\/strong><\/p>\n\n\n\n<p>Carlos Alberto de Moura Ribeiro Zeron \u2014 Diretor<\/p>\n\n\n\n<p>Alexandre Luis Moreli Rocha \u2014 Vice-Diretor<\/p>\n\n\n\n<p><strong>Pr\u00f3-reitoria de Cultura e Extens\u00e3o Universit\u00e1ria<\/strong><\/p>\n\n\n\n<p>Maria Aparecida de Andrade Moreira Machado &#8211; Pr\u00f3-reitora <\/p>\n\n\n\n<p>Margarida Maria Krohling Kunsch &#8211; Pr\u00f3-reitora adjunta<\/p>\n\n\n\n<p><strong>Universidade de S\u00e3o Paulo<\/strong><\/p>\n\n\n\n<p>Vahan Agopyan &#8211; Reitor<\/p>\n\n\n\n<p>Antonio Carlos Hernandes &#8211; Vice-reitor<\/p>\n\n\n\n<figure class=\"wp-block-image alignwide size-large\"><img loading=\"lazy\" decoding=\"async\" width=\"1024\" height=\"259\" src=\"https:\/\/3x22.bbm.usp.br\/wp-content\/uploads\/2021\/08\/americo-2-1024x259.jpg\" alt=\"\" class=\"wp-image-640\" srcset=\"https:\/\/3x22.bbm.usp.br\/wp-content\/uploads\/2021\/08\/americo-2-1024x259.jpg 1024w, https:\/\/3x22.bbm.usp.br\/wp-content\/uploads\/2021\/08\/americo-2-300x76.jpg 300w, https:\/\/3x22.bbm.usp.br\/wp-content\/uploads\/2021\/08\/americo-2-768x194.jpg 768w, https:\/\/3x22.bbm.usp.br\/wp-content\/uploads\/2021\/08\/americo-2-1536x388.jpg 1536w, https:\/\/3x22.bbm.usp.br\/wp-content\/uploads\/2021\/08\/americo-2-2048x517.jpg 2048w, https:\/\/3x22.bbm.usp.br\/wp-content\/uploads\/2021\/08\/americo-2-1200x303.jpg 1200w, https:\/\/3x22.bbm.usp.br\/wp-content\/uploads\/2021\/08\/americo-2-1980x500.jpg 1980w\" sizes=\"auto, (max-width: 1024px) 100vw, 1024px\" \/><\/figure>\n","protected":false},"excerpt":{"rendered":"<p>O Projeto 3&#215;22 Ao completar o bicenten\u00e1rio da Independ\u00eancia e o centen\u00e1rio da Semana de Arte Moderna no ano de 2022, abre-se oportunidade para refletir e redimensionar a hist\u00f3ria da nossa forma\u00e7\u00e3o \u2013 do Estado e da Sociedade, assim como da cultura hist\u00f3rica brasileira. O projeto 3 vezes 22 n\u00e3o \u00e9 a celebra\u00e7\u00e3o de duas&hellip;<\/p>\n","protected":false},"author":1,"featured_media":0,"parent":0,"menu_order":0,"comment_status":"closed","ping_status":"closed","template":"tw-no-title.php","meta":{"_uag_custom_page_level_css":"","footnotes":""},"class_list":["post-7","page","type-page","status-publish","hentry"],"aioseo_notices":[],"uagb_featured_image_src":{"full":false,"thumbnail":false,"medium":false,"medium_large":false,"large":false,"1536x1536":false,"2048x2048":false,"post-thumbnail":false,"twentytwenty-fullscreen":false},"uagb_author_info":{"display_name":"francisco","author_link":"https:\/\/3x22.bbm.usp.br\/?author=1"},"uagb_comment_info":0,"uagb_excerpt":"O Projeto 3&#215;22 Ao completar o bicenten\u00e1rio da Independ\u00eancia e o centen\u00e1rio da Semana de Arte Moderna no ano de 2022, abre-se oportunidade para refletir e redimensionar a hist\u00f3ria da nossa forma\u00e7\u00e3o \u2013 do Estado e da Sociedade, assim como da cultura hist\u00f3rica brasileira. O projeto 3 vezes 22 n\u00e3o \u00e9 a celebra\u00e7\u00e3o de duas&hellip;","_links":{"self":[{"href":"https:\/\/3x22.bbm.usp.br\/index.php?rest_route=\/wp\/v2\/pages\/7","targetHints":{"allow":["GET"]}}],"collection":[{"href":"https:\/\/3x22.bbm.usp.br\/index.php?rest_route=\/wp\/v2\/pages"}],"about":[{"href":"https:\/\/3x22.bbm.usp.br\/index.php?rest_route=\/wp\/v2\/types\/page"}],"author":[{"embeddable":true,"href":"https:\/\/3x22.bbm.usp.br\/index.php?rest_route=\/wp\/v2\/users\/1"}],"replies":[{"embeddable":true,"href":"https:\/\/3x22.bbm.usp.br\/index.php?rest_route=%2Fwp%2Fv2%2Fcomments&post=7"}],"version-history":[{"count":62,"href":"https:\/\/3x22.bbm.usp.br\/index.php?rest_route=\/wp\/v2\/pages\/7\/revisions"}],"predecessor-version":[{"id":1268,"href":"https:\/\/3x22.bbm.usp.br\/index.php?rest_route=\/wp\/v2\/pages\/7\/revisions\/1268"}],"wp:attachment":[{"href":"https:\/\/3x22.bbm.usp.br\/index.php?rest_route=%2Fwp%2Fv2%2Fmedia&parent=7"}],"curies":[{"name":"wp","href":"https:\/\/api.w.org\/{rel}","templated":true}]}}