{"id":721,"date":"2021-09-04T08:55:27","date_gmt":"2021-09-04T08:55:27","guid":{"rendered":"https:\/\/3x22.bbm.usp.br\/?page_id=721"},"modified":"2023-10-17T17:06:35","modified_gmt":"2023-10-17T17:06:35","slug":"boletim-5-quilombismos","status":"publish","type":"page","link":"https:\/\/3x22.bbm.usp.br\/?page_id=721","title":{"rendered":"Boletim 5 &#8211; Quilombismos"},"content":{"rendered":"\n<h4 class=\"has-text-align-center wp-block-heading\">Boletim 3&#215;22 N\u00ba 5: Quilombismos<\/h4>\n\n\n\n<blockquote class=\"wp-block-quote is-layout-flow wp-block-quote-is-layout-flow\"><p>Na tentativa e \u00e2nsia de romper com as velhas l\u00f3gicas de (re)produ\u00e7\u00e3o do racismo, esta quinta edi\u00e7\u00e3o, produzida com a colabora\u00e7\u00e3o massivamente preta, discute os &#8220;quilombismos&#8221; do mestre Abdias do Nascimento. Baseado nas primeiras experi\u00eancias de liberdade p\u00f3s-domina\u00e7\u00e3o colonial nas Am\u00e9ricas, propomos um legado de mobiliza\u00e7\u00e3o pol\u00edtica com base na sua pr\u00f3pria experi\u00eancia hist\u00f3rica e cultural do povo afro-brasileiro, articulando uma proposta multi\u00e9tnica e pluricultural para o Brasil. Uma linha do tempo perpassa todo o boletim com fatos significativos ocorridos ao longo dos quase quatrocentos anos de escravid\u00e3o at\u00e9 os dias de hoje, pois como nos ensinou Beatriz Nascimento, a invisibilidade est\u00e1 na raiz da perda da identidade. Para combater o esquecimento e a marginaliza\u00e7\u00e3o \u00e9 preciso tornar-se vis\u00edvel.<\/p><\/blockquote>\n\n\n\n<div data-wp-interactive=\"core\/file\" class=\"wp-block-file\"><object data-wp-bind--hidden=\"!state.hasPdfPreview\" hidden class=\"wp-block-file__embed\" data=\"https:\/\/3x22.bbm.usp.br\/wp-content\/uploads\/2021\/09\/Boletim-Quilombismos-v.-Final.pdf\" type=\"application\/pdf\" style=\"width:100%;height:600px\" aria-label=\"Incorporado de M\u00eddia incorporada de Boletim_Quilombismos..\"><\/object><a href=\"https:\/\/3x22.bbm.usp.br\/wp-content\/uploads\/2021\/09\/Boletim-Quilombismos-v.-Final.pdf\">Boletim_Quilombismos<\/a><a href=\"https:\/\/3x22.bbm.usp.br\/wp-content\/uploads\/2021\/09\/Boletim-Quilombismos-v.-Final.pdf\" class=\"wp-block-file__button\" download>Baixar<\/a><\/div>\n\n\n\n<h4 class=\"wp-block-heading\">Para ler nesta edi\u00e7\u00e3o<\/h4>\n\n\n\n<p>P\u00e1gina 03 &#8211; Editorial<\/p>\n\n\n\n<p><strong>Bordando hist\u00f3rias<\/strong><\/p>\n\n\n\n<p>P\u00e1gina 11 &#8211; Literaturas negras e perif\u00e9ricas, entrevista com M\u00e1rio Augusto Medeiros da Silva<\/p>\n\n\n\n<p class=\"has-text-align-left\">P\u00e1gina 18 &#8211; Arte e hist\u00f3ria, entrevista com Rosana Paulino<\/p>\n\n\n\n<p>P\u00e1gina 26 &#8211; Por uma outra teatraliza\u00e7\u00e3o, entrevista com Jos\u00e9 Fernando<\/p>\n\n\n\n<p><strong>Narrando o presente<\/strong><\/p>\n\n\n\n<p>P\u00e1gina 35 &#8211; As m\u00e1scaras brancas do sofrimento ps\u00edquico: contribui\u00e7\u00f5es de Frantz Fanon para a sa\u00fade mental, por Maria Clara dos Santos Oliveira<\/p>\n\n\n\n<p>P\u00e1gina 40 &#8211; \u00c9 necess\u00e1rio falar sobre branquitude, por Luana Ortiz Silva<\/p>\n\n\n\n<p>P\u00e1gina 45 &#8211; Escrevendo na pr\u00f3pria carne: cidade, exterm\u00ednio e segrega\u00e7\u00e3o urbana e racial, por Claudia Rosalina Ad\u00e3o<\/p>\n\n\n\n<p>P\u00e1gina 55 &#8211; Entre negras pupilas, por Lucas Fernandes<\/p>\n\n\n\n<p><strong>Construindo um futuro<\/strong><\/p>\n\n\n\n<p>P\u00e1gina 61 &#8211; Tent\u00e1culos liter\u00e1rios, entrevista com Bel Santos Mayer<\/p>\n\n\n\n<p>P\u00e1gina 72 &#8211; A universidade p\u00fablica \u00e9 para todos e outros contos de humor, entrevista com Thiago Torres (o chavoso da USP)<\/p>\n\n\n\n<p><strong>(In)visibilidades<\/strong><\/p>\n\n\n\n<p>P\u00e1gina 79 &#8211; A negritude em tela, por Alexsandro de Sousa e Silva<\/p>\n\n\n\n<p>P\u00e1gina 86 &#8211; A refer\u00eancia preta na cultura pop, entrevista com Lista Preta<\/p>\n\n\n\n<p>P\u00e1gina 89 &#8211; Linguagens, l\u00ednguas e literaturas: novas formas de liga\u00e7\u00e3o, lirismo e liberta\u00e7\u00e3o, entrevista com Linn da Quebrada<\/p>\n\n\n\n<p class=\"has-text-align-right\"><a href=\"https:\/\/3x22.bbm.usp.br\/?page_id=120\" data-type=\"page\" data-id=\"120\">Voltar aos Boletins<\/a><\/p>\n","protected":false},"excerpt":{"rendered":"<p>Boletim 3&#215;22 N\u00ba 5: Quilombismos Na tentativa e \u00e2nsia de romper com as velhas l\u00f3gicas de (re)produ\u00e7\u00e3o do racismo, esta quinta edi\u00e7\u00e3o, produzida com a colabora\u00e7\u00e3o massivamente preta, discute os &#8220;quilombismos&#8221; do mestre Abdias do Nascimento. Baseado nas primeiras experi\u00eancias de liberdade p\u00f3s-domina\u00e7\u00e3o colonial nas Am\u00e9ricas, propomos um legado de mobiliza\u00e7\u00e3o pol\u00edtica com base na&hellip;<\/p>\n","protected":false},"author":5,"featured_media":0,"parent":0,"menu_order":0,"comment_status":"closed","ping_status":"closed","template":"tw-no-title.php","meta":{"_uag_custom_page_level_css":"","footnotes":""},"class_list":["post-721","page","type-page","status-publish","hentry"],"aioseo_notices":[],"uagb_featured_image_src":{"full":false,"thumbnail":false,"medium":false,"medium_large":false,"large":false,"1536x1536":false,"2048x2048":false,"post-thumbnail":false,"twentytwenty-fullscreen":false},"uagb_author_info":{"display_name":"Alexandre Saes","author_link":"https:\/\/3x22.bbm.usp.br\/?author=5"},"uagb_comment_info":0,"uagb_excerpt":"Boletim 3&#215;22 N\u00ba 5: Quilombismos Na tentativa e \u00e2nsia de romper com as velhas l\u00f3gicas de (re)produ\u00e7\u00e3o do racismo, esta quinta edi\u00e7\u00e3o, produzida com a colabora\u00e7\u00e3o massivamente preta, discute os &#8220;quilombismos&#8221; do mestre Abdias do Nascimento. Baseado nas primeiras experi\u00eancias de liberdade p\u00f3s-domina\u00e7\u00e3o colonial nas Am\u00e9ricas, propomos um legado de mobiliza\u00e7\u00e3o pol\u00edtica com base na&hellip;","_links":{"self":[{"href":"https:\/\/3x22.bbm.usp.br\/index.php?rest_route=\/wp\/v2\/pages\/721","targetHints":{"allow":["GET"]}}],"collection":[{"href":"https:\/\/3x22.bbm.usp.br\/index.php?rest_route=\/wp\/v2\/pages"}],"about":[{"href":"https:\/\/3x22.bbm.usp.br\/index.php?rest_route=\/wp\/v2\/types\/page"}],"author":[{"embeddable":true,"href":"https:\/\/3x22.bbm.usp.br\/index.php?rest_route=\/wp\/v2\/users\/5"}],"replies":[{"embeddable":true,"href":"https:\/\/3x22.bbm.usp.br\/index.php?rest_route=%2Fwp%2Fv2%2Fcomments&post=721"}],"version-history":[{"count":5,"href":"https:\/\/3x22.bbm.usp.br\/index.php?rest_route=\/wp\/v2\/pages\/721\/revisions"}],"predecessor-version":[{"id":841,"href":"https:\/\/3x22.bbm.usp.br\/index.php?rest_route=\/wp\/v2\/pages\/721\/revisions\/841"}],"wp:attachment":[{"href":"https:\/\/3x22.bbm.usp.br\/index.php?rest_route=%2Fwp%2Fv2%2Fmedia&parent=721"}],"curies":[{"name":"wp","href":"https:\/\/api.w.org\/{rel}","templated":true}]}}