{"id":725,"date":"2021-09-04T08:59:01","date_gmt":"2021-09-04T08:59:01","guid":{"rendered":"https:\/\/3x22.bbm.usp.br\/?page_id=725"},"modified":"2023-10-17T17:06:35","modified_gmt":"2023-10-17T17:06:35","slug":"boletim-4-pluralidades-indigenas","status":"publish","type":"page","link":"https:\/\/3x22.bbm.usp.br\/?page_id=725","title":{"rendered":"Boletim 4 &#8211; Pluralidades Ind\u00edgenas"},"content":{"rendered":"\n<h4 class=\"has-text-align-center wp-block-heading\">Boletim 3&#215;22 N\u00ba 4: Pluralidades Ind\u00edgenas<\/h4>\n\n\n\n<blockquote class=\"wp-block-quote is-layout-flow wp-block-quote-is-layout-flow\"><p>Ap\u00f3s termos expressado nosso Manifesto, questionado o que somos, e entendido o re-voltar-se, n\u00f3s criamos, assim, de modo consciente ou n\u00e3o, a malha na qual poder\u00edamos nos sustentar para abordar com acuidade e responsabilidade s\u00f3cio-hist\u00f3rica os nossos Povos Origin\u00e1rios. Conscientes da import\u00e2ncia e da potencialidade do discurso segundo a pr\u00f3pria experi\u00eancia no mundo, priorizamos as vozes ind\u00edgenas para comporem este Boletim. Contamos com a vital curadoria de Xind\u00eada (Diego) Puri e Betty Mindlin. Esta, uma antrop\u00f3loga dedicada \u00e0 valoriza\u00e7\u00e3o das culturas ind\u00edgenas e filha dos fundadores da BBM; aquele, ent\u00e3o mestrando em Literatura Brasileira na USP, engajado e consciente de sua atua\u00e7\u00e3o como ind\u00edgena e acad\u00eamico. Agradecemos com o mesmo apre\u00e7o a artista pl\u00e1stica \u00edndigena Rosi Ara\u00fajo que nos possibilitou trazer, a partir de suas obras, um esbo\u00e7o da riqueza art\u00edstica ind\u00edgena para a nossa publica\u00e7\u00e3o.<\/p><\/blockquote>\n\n\n\n<div data-wp-interactive=\"core\/file\" class=\"wp-block-file\"><object data-wp-bind--hidden=\"!state.hasPdfPreview\" hidden class=\"wp-block-file__embed\" data=\"https:\/\/3x22.bbm.usp.br\/wp-content\/uploads\/2021\/09\/Boletim-Pluralidades-Indigenas-05.2020.pdf\" type=\"application\/pdf\" style=\"width:100%;height:600px\" aria-label=\"Incorporado de M\u00eddia incorporada de Boletim_Pluralidades Ind\u00edgenas..\"><\/object><a href=\"https:\/\/3x22.bbm.usp.br\/wp-content\/uploads\/2021\/09\/Boletim-Pluralidades-Indigenas-05.2020.pdf\">Boletim_Pluralidades Ind\u00edgenas<\/a><a href=\"https:\/\/3x22.bbm.usp.br\/wp-content\/uploads\/2021\/09\/Boletim-Pluralidades-Indigenas-05.2020.pdf\" class=\"wp-block-file__button\" download>Baixar<\/a><\/div>\n\n\n\n<h4 class=\"wp-block-heading\">Para ler nesta edi\u00e7\u00e3o<\/h4>\n\n\n\n<p>P\u00e1gina 04 &#8211; Editorial<\/p>\n\n\n\n<p>P\u00e1gina 09 &#8211; Uma introdu\u00e7\u00e3o, entrevista com Betty Mindlin<\/p>\n\n\n\n<p>P\u00e1gina 21 &#8211; Movimentos pendulares do romantismo, por Cilaine Alves<\/p>\n\n\n\n<p>P\u00e1gina 25 &#8211; O indianismo de Gon\u00e7alves Dias, por Marcos Flam\u00ednio<\/p>\n\n\n\n<p>P\u00e1gina 31 &#8211; O \u00edndio rom\u00e2ntico n\u00e3o \u00e9 o \u00edndio real, entrevista com Mirhiane Mendes de Abreu<\/p>\n\n\n\n<p>P\u00e1gina 37 &#8211; O mito do acampamento garimpeiro, entrevista com Ailton Krenak <\/p>\n\n\n\n<p>P\u00e1gina 47 &#8211; Uma luta pela vida, entrevista com Sonia Guajajara<\/p>\n\n\n\n<p>P\u00e1gina 54 &#8211; Mito de origem da humanidade na percep\u00e7\u00e3o do povo ik\u00f3l\u00f3\u00e9hj, por Iram K\u00e1v Sona Gavi\u00e3o<\/p>\n\n\n\n<p>P\u00e1gina 59 &#8211; L\u00ednguas ind\u00edgenas: perman\u00eancias, rupturas e retomadas, por Xind\u00eada Puri<\/p>\n\n\n\n<p>P\u00e1gina 65 &#8211; Arte: lugar de tens\u00e3o, entrevista com Andreia Duarte<\/p>\n\n\n\n<p class=\"has-text-align-right\"><a href=\"https:\/\/3x22.bbm.usp.br\/?page_id=120\" data-type=\"page\" data-id=\"120\">Voltar aos Boletins<\/a><\/p>\n","protected":false},"excerpt":{"rendered":"<p>Boletim 3&#215;22 N\u00ba 4: Pluralidades Ind\u00edgenas Ap\u00f3s termos expressado nosso Manifesto, questionado o que somos, e entendido o re-voltar-se, n\u00f3s criamos, assim, de modo consciente ou n\u00e3o, a malha na qual poder\u00edamos nos sustentar para abordar com acuidade e responsabilidade s\u00f3cio-hist\u00f3rica os nossos Povos Origin\u00e1rios. Conscientes da import\u00e2ncia e da potencialidade do discurso segundo a&hellip;<\/p>\n","protected":false},"author":5,"featured_media":0,"parent":0,"menu_order":0,"comment_status":"closed","ping_status":"closed","template":"tw-no-title.php","meta":{"_uag_custom_page_level_css":"","footnotes":""},"class_list":["post-725","page","type-page","status-publish","hentry"],"aioseo_notices":[],"uagb_featured_image_src":{"full":false,"thumbnail":false,"medium":false,"medium_large":false,"large":false,"1536x1536":false,"2048x2048":false,"post-thumbnail":false,"twentytwenty-fullscreen":false},"uagb_author_info":{"display_name":"Alexandre Saes","author_link":"https:\/\/3x22.bbm.usp.br\/?author=5"},"uagb_comment_info":0,"uagb_excerpt":"Boletim 3&#215;22 N\u00ba 4: Pluralidades Ind\u00edgenas Ap\u00f3s termos expressado nosso Manifesto, questionado o que somos, e entendido o re-voltar-se, n\u00f3s criamos, assim, de modo consciente ou n\u00e3o, a malha na qual poder\u00edamos nos sustentar para abordar com acuidade e responsabilidade s\u00f3cio-hist\u00f3rica os nossos Povos Origin\u00e1rios. Conscientes da import\u00e2ncia e da potencialidade do discurso segundo a&hellip;","_links":{"self":[{"href":"https:\/\/3x22.bbm.usp.br\/index.php?rest_route=\/wp\/v2\/pages\/725","targetHints":{"allow":["GET"]}}],"collection":[{"href":"https:\/\/3x22.bbm.usp.br\/index.php?rest_route=\/wp\/v2\/pages"}],"about":[{"href":"https:\/\/3x22.bbm.usp.br\/index.php?rest_route=\/wp\/v2\/types\/page"}],"author":[{"embeddable":true,"href":"https:\/\/3x22.bbm.usp.br\/index.php?rest_route=\/wp\/v2\/users\/5"}],"replies":[{"embeddable":true,"href":"https:\/\/3x22.bbm.usp.br\/index.php?rest_route=%2Fwp%2Fv2%2Fcomments&post=725"}],"version-history":[{"count":4,"href":"https:\/\/3x22.bbm.usp.br\/index.php?rest_route=\/wp\/v2\/pages\/725\/revisions"}],"predecessor-version":[{"id":843,"href":"https:\/\/3x22.bbm.usp.br\/index.php?rest_route=\/wp\/v2\/pages\/725\/revisions\/843"}],"wp:attachment":[{"href":"https:\/\/3x22.bbm.usp.br\/index.php?rest_route=%2Fwp%2Fv2%2Fmedia&parent=725"}],"curies":[{"name":"wp","href":"https:\/\/api.w.org\/{rel}","templated":true}]}}