{"id":732,"date":"2021-09-04T09:05:59","date_gmt":"2021-09-04T09:05:59","guid":{"rendered":"https:\/\/3x22.bbm.usp.br\/?page_id=732"},"modified":"2023-10-17T17:06:35","modified_gmt":"2023-10-17T17:06:35","slug":"boletim-3-revolucao","status":"publish","type":"page","link":"https:\/\/3x22.bbm.usp.br\/?page_id=732","title":{"rendered":"Boletim 3 &#8211; Revolu\u00e7\u00e3o"},"content":{"rendered":"\n<h4 class=\"has-text-align-center wp-block-heading\">Boletim 3&#215;22 N\u00ba 3: Revolu\u00e7\u00e3o<\/h4>\n\n\n\n<blockquote class=\"wp-block-quote is-layout-flow wp-block-quote-is-layout-flow\"><p>Revolu\u00e7\u00e3o vem de revolver, verbo transitivo direto que significa virar pra tr\u00e1s, para os lados, revirar-se, retorcer-se. Em astronomia, pode ser o movimento de um astro que retorna a um eixo da sua pr\u00f3pria \u00f3rbita. Em pol\u00edtica, um movimento de revolta contra um poder estabelecido. Acreditamos que trazer \u00e0 tona esse tema \u00e9, ainda, uma forma de dar voz \u00e0queles que s\u00e3o silenciados ou esquecidos propositalmente nas narrativas hist\u00f3ricas. Debatemos nestas p\u00e1ginas o processo pelo qual um evento \u00e9 submetido at\u00e9 ser compreendido como o surgimento de um novo estado revolucion\u00e1rio, al\u00e9m de questionarmos o teor das revoltas populares e indagarmos se \u00e9 poss\u00edvel falar realmente em alguma revolu\u00e7\u00e3o no Brasil.<\/p><\/blockquote>\n\n\n\n<div data-wp-interactive=\"core\/file\" class=\"wp-block-file\"><object data-wp-bind--hidden=\"!state.hasPdfPreview\" hidden class=\"wp-block-file__embed\" data=\"https:\/\/3x22.bbm.usp.br\/wp-content\/uploads\/2021\/09\/boletim-3-revolucao.pdf\" type=\"application\/pdf\" style=\"width:100%;height:600px\" aria-label=\"Incorporado de M\u00eddia incorporada de Boletim_Revolu\u00e7\u00e3o..\"><\/object><a href=\"https:\/\/3x22.bbm.usp.br\/wp-content\/uploads\/2021\/09\/boletim-3-revolucao.pdf\">Boletim_Revolu\u00e7\u00e3o<\/a><a href=\"https:\/\/3x22.bbm.usp.br\/wp-content\/uploads\/2021\/09\/boletim-3-revolucao.pdf\" class=\"wp-block-file__button\" download>Baixar<\/a><\/div>\n\n\n\n<h4 class=\"wp-block-heading\">Para ler nesta edi\u00e7\u00e3o<\/h4>\n\n\n\n<p>P\u00e1gina 06 &#8211; Oliveira Lima e a (longa) hist\u00f3ria da independ\u00eancia<\/p>\n\n\n\n<p>P\u00e1gina 12 &#8211; Afinal, quem faz a revolu\u00e7\u00e3o? entrevista com \u00c2ngelo Segrillo<\/p>\n\n\n\n<p>P\u00e1gina 17 &#8211; O silenciamento de uma hist\u00f3ria, por Norberto de Assis<\/p>\n\n\n\n<p>P\u00e1gina 20 &#8211; Nunca foi t\u00e3o dif\u00edcil falar sobre revolu\u00e7\u00f5es, por Danilo Chaves Nakamura<\/p>\n\n\n\n<p>P\u00e1gina 24 &#8211; A mem\u00f3ria da ditadura militar, entrevista com Marcos Napolitano<\/p>\n\n\n\n<p>P\u00e1gina 34 &#8211; Cinema e pol\u00edtica: um relacionamento complexo, entrevista com Maur\u00edcio Cardoso<\/p>\n\n\n\n<p>P\u00e1gina 42 &#8211; Um gigante na sala-de-estar, por Norberto de Assis<\/p>\n\n\n\n<p>P\u00e1gina 44 &#8211; Revolu\u00e7\u00e3o cara\u00edba e democracia selvagem, por Matheus \u00c1vila<\/p>\n\n\n\n<p>P\u00e1gina 47 &#8211; Urubu malandro\/Ra\u00edzes do Brasil\/Tel\u00faricos, por Keissy Carvelli<\/p>\n\n\n\n<p class=\"has-text-align-right\"><a href=\"https:\/\/3x22.bbm.usp.br\/?page_id=120\" data-type=\"page\" data-id=\"120\">Voltar aos Boletins<\/a><\/p>\n","protected":false},"excerpt":{"rendered":"<p>Boletim 3&#215;22 N\u00ba 3: Revolu\u00e7\u00e3o Revolu\u00e7\u00e3o vem de revolver, verbo transitivo direto que significa virar pra tr\u00e1s, para os lados, revirar-se, retorcer-se. Em astronomia, pode ser o movimento de um astro que retorna a um eixo da sua pr\u00f3pria \u00f3rbita. Em pol\u00edtica, um movimento de revolta contra um poder estabelecido. Acreditamos que trazer \u00e0 tona&hellip;<\/p>\n","protected":false},"author":5,"featured_media":0,"parent":0,"menu_order":0,"comment_status":"closed","ping_status":"closed","template":"tw-no-title.php","meta":{"_uag_custom_page_level_css":"","footnotes":""},"class_list":["post-732","page","type-page","status-publish","hentry"],"aioseo_notices":[],"uagb_featured_image_src":{"full":false,"thumbnail":false,"medium":false,"medium_large":false,"large":false,"1536x1536":false,"2048x2048":false,"post-thumbnail":false,"twentytwenty-fullscreen":false},"uagb_author_info":{"display_name":"Alexandre Saes","author_link":"https:\/\/3x22.bbm.usp.br\/?author=5"},"uagb_comment_info":0,"uagb_excerpt":"Boletim 3&#215;22 N\u00ba 3: Revolu\u00e7\u00e3o Revolu\u00e7\u00e3o vem de revolver, verbo transitivo direto que significa virar pra tr\u00e1s, para os lados, revirar-se, retorcer-se. Em astronomia, pode ser o movimento de um astro que retorna a um eixo da sua pr\u00f3pria \u00f3rbita. Em pol\u00edtica, um movimento de revolta contra um poder estabelecido. Acreditamos que trazer \u00e0 tona&hellip;","_links":{"self":[{"href":"https:\/\/3x22.bbm.usp.br\/index.php?rest_route=\/wp\/v2\/pages\/732","targetHints":{"allow":["GET"]}}],"collection":[{"href":"https:\/\/3x22.bbm.usp.br\/index.php?rest_route=\/wp\/v2\/pages"}],"about":[{"href":"https:\/\/3x22.bbm.usp.br\/index.php?rest_route=\/wp\/v2\/types\/page"}],"author":[{"embeddable":true,"href":"https:\/\/3x22.bbm.usp.br\/index.php?rest_route=\/wp\/v2\/users\/5"}],"replies":[{"embeddable":true,"href":"https:\/\/3x22.bbm.usp.br\/index.php?rest_route=%2Fwp%2Fv2%2Fcomments&post=732"}],"version-history":[{"count":11,"href":"https:\/\/3x22.bbm.usp.br\/index.php?rest_route=\/wp\/v2\/pages\/732\/revisions"}],"predecessor-version":[{"id":845,"href":"https:\/\/3x22.bbm.usp.br\/index.php?rest_route=\/wp\/v2\/pages\/732\/revisions\/845"}],"wp:attachment":[{"href":"https:\/\/3x22.bbm.usp.br\/index.php?rest_route=%2Fwp%2Fv2%2Fmedia&parent=732"}],"curies":[{"name":"wp","href":"https:\/\/api.w.org\/{rel}","templated":true}]}}