{"id":736,"date":"2021-09-04T09:07:45","date_gmt":"2021-09-04T09:07:45","guid":{"rendered":"https:\/\/3x22.bbm.usp.br\/?page_id=736"},"modified":"2023-10-17T17:06:35","modified_gmt":"2023-10-17T17:06:35","slug":"boletim-2-nacionalidade","status":"publish","type":"page","link":"https:\/\/3x22.bbm.usp.br\/?page_id=736","title":{"rendered":"Boletim 2 &#8211; Nacionalidade"},"content":{"rendered":"\n<h4 class=\"has-text-align-center wp-block-heading\">Boletim 3&#215;22 N\u00ba 2: Nacionalidade<\/h4>\n\n\n\n<blockquote class=\"wp-block-quote is-layout-flow wp-block-quote-is-layout-flow\"><p>A nacionalidade, que decorre do nacionalismo, \u00e9 o sentimento de pertencer a uma cultura e\/ou a uma na\u00e7\u00e3o. O debate em torno disso \u00e9 o que est\u00e1 em voga. H\u00e1 uma disputa entre todos os grupos que visam se destacar na hora de propor um projeto de na\u00e7\u00e3o. Nos permitimos adentrar nesse debate tamb\u00e9m. Afinal, sobrou alguma coisa da Semana de 22? Estamos vivendo uma nova independ\u00eancia ou \u00e9 apenas mais uma mentira que est\u00e1 sendo contada? No fim de tudo, somos todos nacionalistas?<\/p><\/blockquote>\n\n\n\n<div data-wp-interactive=\"core\/file\" class=\"wp-block-file\"><object data-wp-bind--hidden=\"!state.hasPdfPreview\" hidden class=\"wp-block-file__embed\" data=\"https:\/\/3x22.bbm.usp.br\/wp-content\/uploads\/2021\/09\/Boletim__2.-Nacionalidade.pdf\" type=\"application\/pdf\" style=\"width:100%;height:600px\" aria-label=\"Incorporado de M\u00eddia incorporada de Boletim__Nacionalidade..\"><\/object><a href=\"https:\/\/3x22.bbm.usp.br\/wp-content\/uploads\/2021\/09\/Boletim__2.-Nacionalidade.pdf\">Boletim__Nacionalidade<\/a><a href=\"https:\/\/3x22.bbm.usp.br\/wp-content\/uploads\/2021\/09\/Boletim__2.-Nacionalidade.pdf\" class=\"wp-block-file__button\" download>Baixar<\/a><\/div>\n\n\n\n<h4 class=\"wp-block-heading\">Para ler nesta edi\u00e7\u00e3o<\/h4>\n\n\n\n<p>P\u00e1gina 06 &#8211; 3&#215;22 no Caf\u00e9 Filos\u00f3fico &#8211; A Semana de 22<\/p>\n\n\n\n<p>P\u00e1gina 09 &#8211; O nacionalismo e suas faces, entrevista com Jo\u00e3o F. Gon\u00e7alves<\/p>\n\n\n\n<p>P\u00e1gina 15 &#8211; Nacionalidade<\/p>\n\n\n\n<p>P\u00e1gina 16 &#8211; Interpretar \u00e9 construir, por Norberto de Assis<\/p>\n\n\n\n<p>P\u00e1gina 19 &#8211; Gilberto Freyre: regionalismo e obra, entrevista com Antonio Dimas<\/p>\n\n\n\n<p>P\u00e1gina 25 &#8211; Da na\u00e7\u00e3o, por Alaine Lizandra<\/p>\n\n\n\n<p>P\u00e1gina 28 &#8211; Ainda vive a semana de 22?, por Alexandre Macchione Saes<\/p>\n\n\n\n<p>P\u00e1gina 31 &#8211; Imaginando uma na\u00e7\u00e3o, por Norberto de Assis<\/p>\n\n\n\n<p>P\u00e1gina 34 &#8211; A nova independ\u00eancia do Brasil, por Giovane Direnzi<\/p>\n\n\n\n<p class=\"has-text-align-right\"><a href=\"https:\/\/3x22.bbm.usp.br\/?page_id=120\" data-type=\"page\" data-id=\"120\">Voltar aos Boletins<\/a><\/p>\n","protected":false},"excerpt":{"rendered":"<p>Boletim 3&#215;22 N\u00ba 2: Nacionalidade A nacionalidade, que decorre do nacionalismo, \u00e9 o sentimento de pertencer a uma cultura e\/ou a uma na\u00e7\u00e3o. O debate em torno disso \u00e9 o que est\u00e1 em voga. H\u00e1 uma disputa entre todos os grupos que visam se destacar na hora de propor um projeto de na\u00e7\u00e3o. Nos permitimos&hellip;<\/p>\n","protected":false},"author":5,"featured_media":0,"parent":0,"menu_order":0,"comment_status":"closed","ping_status":"closed","template":"tw-no-title.php","meta":{"_uag_custom_page_level_css":"","footnotes":""},"class_list":["post-736","page","type-page","status-publish","hentry"],"aioseo_notices":[],"uagb_featured_image_src":{"full":false,"thumbnail":false,"medium":false,"medium_large":false,"large":false,"1536x1536":false,"2048x2048":false,"post-thumbnail":false,"twentytwenty-fullscreen":false},"uagb_author_info":{"display_name":"Alexandre Saes","author_link":"https:\/\/3x22.bbm.usp.br\/?author=5"},"uagb_comment_info":0,"uagb_excerpt":"Boletim 3&#215;22 N\u00ba 2: Nacionalidade A nacionalidade, que decorre do nacionalismo, \u00e9 o sentimento de pertencer a uma cultura e\/ou a uma na\u00e7\u00e3o. O debate em torno disso \u00e9 o que est\u00e1 em voga. H\u00e1 uma disputa entre todos os grupos que visam se destacar na hora de propor um projeto de na\u00e7\u00e3o. Nos permitimos&hellip;","_links":{"self":[{"href":"https:\/\/3x22.bbm.usp.br\/index.php?rest_route=\/wp\/v2\/pages\/736","targetHints":{"allow":["GET"]}}],"collection":[{"href":"https:\/\/3x22.bbm.usp.br\/index.php?rest_route=\/wp\/v2\/pages"}],"about":[{"href":"https:\/\/3x22.bbm.usp.br\/index.php?rest_route=\/wp\/v2\/types\/page"}],"author":[{"embeddable":true,"href":"https:\/\/3x22.bbm.usp.br\/index.php?rest_route=\/wp\/v2\/users\/5"}],"replies":[{"embeddable":true,"href":"https:\/\/3x22.bbm.usp.br\/index.php?rest_route=%2Fwp%2Fv2%2Fcomments&post=736"}],"version-history":[{"count":14,"href":"https:\/\/3x22.bbm.usp.br\/index.php?rest_route=\/wp\/v2\/pages\/736\/revisions"}],"predecessor-version":[{"id":847,"href":"https:\/\/3x22.bbm.usp.br\/index.php?rest_route=\/wp\/v2\/pages\/736\/revisions\/847"}],"wp:attachment":[{"href":"https:\/\/3x22.bbm.usp.br\/index.php?rest_route=%2Fwp%2Fv2%2Fmedia&parent=736"}],"curies":[{"name":"wp","href":"https:\/\/api.w.org\/{rel}","templated":true}]}}