{"id":765,"date":"2021-09-06T11:42:44","date_gmt":"2021-09-06T11:42:44","guid":{"rendered":"https:\/\/3x22.bbm.usp.br\/?page_id=765"},"modified":"2023-10-17T17:07:17","modified_gmt":"2023-10-17T17:07:17","slug":"historico-dos-eventos","status":"publish","type":"page","link":"https:\/\/3x22.bbm.usp.br\/?page_id=765","title":{"rendered":"Hist\u00f3rico dos eventos"},"content":{"rendered":"\n<p><strong>ATIVIDADES REALIZADAS EM 2017<\/strong><\/p>\n\n\n\n<ul class=\"wp-block-list\"><li>A hora e vez de Clarice Lispector (BBM, 24 de novembro de 2017)<\/li><\/ul>\n\n\n\n<p>Organiza\u00e7\u00e3o: Erwin Torralbo Gimenez<\/p>\n\n\n\n<ul class=\"wp-block-list\"><li>1817: Pernambuco, o Brasil e o Mundo (BBM, 28 de novembro de 2017)<\/li><\/ul>\n\n\n\n<p>Organiza\u00e7\u00e3o: Cec\u00edlia Helena de Salles Oliveira e Jo\u00e3o Paulo Pimenta<\/p>\n\n\n\n<p>Conferir v\u00eddeo: <a href=\"https:\/\/www.bbm.usp.br\/node\/290\">https:\/\/www.bbm.usp.br\/node\/290<\/a><\/p>\n\n\n\n<ul class=\"wp-block-list\"><li>25 anos de Hist\u00f3ria dos \u00cdndios no Brasil: balan\u00e7os e perspectivas da hist\u00f3ria ind\u00edgena (BBM, 12-14 de dezembro de 2017).<\/li><\/ul>\n\n\n\n<p>Organiza\u00e7\u00e3o: Camila Loureiro Dias, Eduardo Natalino dos Santos<\/p>\n\n\n\n<p>Manuela Carneiro da Cunha, Marta Rosa Amoroso<\/p>\n\n\n\n<p>Conferir v\u00eddeo: <a href=\"https:\/\/www.bbm.usp.br\/node\/302\">https:\/\/www.bbm.usp.br\/node\/302<\/a><\/p>\n\n\n\n<p><\/p>\n\n\n\n<p><strong>ATIVIDADES REALIZADAS EM 2018<\/strong><\/p>\n\n\n\n<ul class=\"wp-block-list\"><li>Semana de 22: olhares cr\u00edticos (SESC, 21-24 de fevereiro de 2018)<\/li><\/ul>\n\n\n\n<p>Organiza\u00e7\u00e3o: Marcos Moraes<\/p>\n\n\n\n<ul class=\"wp-block-list\"><li><a href=\"https:\/\/www.bbm.usp.br\/node\/321\">Liberdade de imprensa? A aventura dos primeiros redatores da prov\u00edncia do Maranh\u00e3o<\/a> (BBM, 21 de mar\u00e7o de 2018)<\/li><\/ul>\n\n\n\n<p>Organiza\u00e7\u00e3o: Cec\u00edlia Helena de Salles Oliveira e Jo\u00e3o Paulo Pimenta<\/p>\n\n\n\n<ul class=\"wp-block-list\"><li>Hist\u00f3ria e Historiografia do trabalho escravo no Brasil (FFLCH, 15-17 de Maio de 2018)<\/li><\/ul>\n\n\n\n<p>Organiza\u00e7\u00e3o: Henrique Antonio R\u00e9, Laurent Azevedo Marques de Saes, Gustavo Velloso<\/p>\n\n\n\n<ul class=\"wp-block-list\"><li>Curso no SESC\/CFP: Saberes, representa\u00e7\u00f5es e mitos em torno da Independ\u00eancia (as 8 aulas ocorreram durante as segundas e quartas-feira de Junho, 19h-21h)<\/li><\/ul>\n\n\n\n<p>Organiza\u00e7\u00e3o: Cec\u00edlia Helena de Salles Oliveira e Jo\u00e3o Paulo Pimenta<\/p>\n\n\n\n<ul class=\"wp-block-list\"><li>O destino n\u00e3o-manifesto: projetos de universidade para o Brasil em tr\u00eas tempos 1822\/1922\/2022 (SESC, 01 e 08 de dezembro de 2018)<\/li><\/ul>\n\n\n\n<p>Organiza\u00e7\u00e3o: Iris Kantor<\/p>\n\n\n\n<ul class=\"wp-block-list\"><li>Afeto e convic\u00e7\u00e3o: uma homenagem a Antonio Candido de Mello e Souza (SESC, 18-21 de Julho de 2018)<\/li><\/ul>\n\n\n\n<p>Organiza\u00e7\u00e3o: Marcos Moraes e Marina de Mello e Souza<\/p>\n\n\n\n<ul class=\"wp-block-list\"><li>CPFL: Caf\u00e9 Filos\u00f3fico (9, 23 e 30 de novembro de 2018)<\/li><\/ul>\n\n\n\n<p>M\u00f3dulo Semana de 22: hist\u00f3ria e reverbera\u00e7\u00f5es. Com a participa\u00e7\u00e3o de Fl\u00e1via Toni, Ivan Marques e Ana Paula Cavalcanti Simioni<\/p>\n\n\n\n<p>Curadoria | Marcos Antonio de Moraes<\/p>\n\n\n\n<p>Conferir v\u00eddeos: <a href=\"https:\/\/www.bbm.usp.br\/node\/403\">https:\/\/www.bbm.usp.br\/node\/403<\/a><\/p>\n\n\n\n<p><\/p>\n\n\n\n<p><strong>ATIVIDADES REALIZADAS EM 2019<\/strong><\/p>\n\n\n\n<ul class=\"wp-block-list\"><li>O lado oposto e os outros lados: int\u00e9rpretes modernistas e modernos na Hist\u00f3ria Cultura Brasileira (SESC, 25-28 de fevereiro de 2019)<\/li><\/ul>\n\n\n\n<p>Organiza\u00e7\u00e3o: Elias Tom\u00e9 Saliba<\/p>\n\n\n\n<ul class=\"wp-block-list\"><li>Semin\u00e1rio Nenhum Brasil existe. E acaso existir\u00e3o os brasileiros<\/li><\/ul>\n\n\n\n<p>(BBM, 10 e 11 de setembro de 2019)<\/p>\n\n\n\n<p>Organiza\u00e7\u00e3o: Bolsistas PUB e Alexandre Saes<\/p>\n\n\n\n<ul class=\"wp-block-list\"><li>Semin\u00e1rio Oliveira Lima e a \u201clonga\u201d (Hist\u00f3ria da) Independ\u00eancia (BBM, 10 e 11 de setembro de 2019)<\/li><\/ul>\n\n\n\n<p>Programa\u00e7\u00e3o completa: <a href=\"https:\/\/www.bbm.usp.br\/pt-br\/3x22\/eventos-3x22\/oliveira-lima-e-a-longa-hist%C3%B3ria-da-independ%C3%AAncia\/\">https:\/\/www.bbm.usp.br\/pt-br\/3&#215;22\/eventos-3&#215;22\/oliveira-lima-e-a-longa-hist%C3%B3ria-da-independ%C3%AAncia\/<\/a><\/p>\n\n\n\n<ul class=\"wp-block-list\"><li>Exposi\u00e7\u00e3o &#8220;Oliveira Lima e a (Longa) Hist\u00f3ria Da Independ\u00eancia&#8221;<\/li><\/ul>\n\n\n\n<p>Visita\u00e7\u00e3o |10 de setembro \u00e0 1 de novembro das 8h30 \u00e0s 18h30 (segunda a sexta)<\/p>\n\n\n\n<p>Onde | Biblioteca Brasiliana Guita e Jos\u00e9 Mindlin (BBM) \u2013 Sala Multiuso<\/p>\n\n\n\n<p>Organiza\u00e7\u00e3o: Andr\u00e9 Ricardo Her\u00e1clio do R\u00eago e Guilherme Carvalho Souza da Rocha Freitas<\/p>\n\n\n\n<ul class=\"wp-block-list\"><li>Celso Furtado e os 60 de anos de Forma\u00e7\u00e3o Econ\u00f4mica do Brasil<\/li><\/ul>\n\n\n\n<p>SESC\/IEB\/BBM, 6-8 de novembro de 2019<\/p>\n\n\n\n<p>Organiza\u00e7\u00e3o: Alexandre Macchione Saes e Alexandre de Freitas Barbosa<\/p>\n\n\n\n<ul class=\"wp-block-list\"><li>CPFL: Caf\u00e9 Filos\u00f3fico (6, 13 de setembro de 2019)<\/li><\/ul>\n\n\n\n<p>M\u00f3dulo Independ\u00eancia e seus legados. Com a participa\u00e7\u00e3o de Fernando Novais e Jo\u00e3o Paulo G. Pimenta<\/p>\n\n\n\n<p>Curadoria | Alexandre Macchione Saes<\/p>\n\n\n\n<p>Exibi\u00e7\u00e3o na TV Cultura nos dias 22 e 29 de mar\u00e7o de 2020<\/p>\n\n\n\n<p>Conferir V\u00eddeos<\/p>\n\n\n\n<p><strong>ATIVIDADES REALIZADAS EM 2020<\/strong><\/p>\n\n\n\n<ul class=\"wp-block-list\"><li>Semin\u00e1rio: Releituras do Modernismo, SESC-BBM 19-24 de outubro de 2020<\/li><\/ul>\n\n\n\n<p>Curadoria: Ivan Marques <\/p>\n\n\n\n<ul class=\"wp-block-list\"><li>Semin\u00e1rio: 1822: Independ\u00eancia: mem\u00f3ria e historiografia, SESC-BBM 24-28 de maio de 2021<\/li><\/ul>\n\n\n\n<p>Curadoria: Wilma Peres Costa (Unifesp) e T\u00e9lio Cravo (Unifesp)<\/p>\n\n\n\n<ul class=\"wp-block-list\"><li>Semin\u00e1rio 3&#215;22: Di\u00e1logos Improv\u00e1veis <\/li><\/ul>\n\n\n\n<p>Coordena\u00e7\u00e3o geral: Alexandre Macchione Saes<\/p>\n","protected":false},"excerpt":{"rendered":"<p>ATIVIDADES REALIZADAS EM 2017 A hora e vez de Clarice Lispector (BBM, 24 de novembro de 2017) Organiza\u00e7\u00e3o: Erwin Torralbo Gimenez 1817: Pernambuco, o Brasil e o Mundo (BBM, 28 de novembro de 2017) Organiza\u00e7\u00e3o: Cec\u00edlia Helena de Salles Oliveira e Jo\u00e3o Paulo Pimenta Conferir v\u00eddeo: https:\/\/www.bbm.usp.br\/node\/290 25 anos de Hist\u00f3ria dos \u00cdndios no Brasil:&hellip;<\/p>\n","protected":false},"author":5,"featured_media":0,"parent":0,"menu_order":0,"comment_status":"closed","ping_status":"closed","template":"","meta":{"_uag_custom_page_level_css":"","footnotes":""},"class_list":["post-765","page","type-page","status-publish","hentry"],"aioseo_notices":[],"uagb_featured_image_src":{"full":false,"thumbnail":false,"medium":false,"medium_large":false,"large":false,"1536x1536":false,"2048x2048":false,"post-thumbnail":false,"twentytwenty-fullscreen":false},"uagb_author_info":{"display_name":"Alexandre Saes","author_link":"https:\/\/3x22.bbm.usp.br\/?author=5"},"uagb_comment_info":0,"uagb_excerpt":"ATIVIDADES REALIZADAS EM 2017 A hora e vez de Clarice Lispector (BBM, 24 de novembro de 2017) Organiza\u00e7\u00e3o: Erwin Torralbo Gimenez 1817: Pernambuco, o Brasil e o Mundo (BBM, 28 de novembro de 2017) Organiza\u00e7\u00e3o: Cec\u00edlia Helena de Salles Oliveira e Jo\u00e3o Paulo Pimenta Conferir v\u00eddeo: https:\/\/www.bbm.usp.br\/node\/290 25 anos de Hist\u00f3ria dos \u00cdndios no Brasil:&hellip;","_links":{"self":[{"href":"https:\/\/3x22.bbm.usp.br\/index.php?rest_route=\/wp\/v2\/pages\/765","targetHints":{"allow":["GET"]}}],"collection":[{"href":"https:\/\/3x22.bbm.usp.br\/index.php?rest_route=\/wp\/v2\/pages"}],"about":[{"href":"https:\/\/3x22.bbm.usp.br\/index.php?rest_route=\/wp\/v2\/types\/page"}],"author":[{"embeddable":true,"href":"https:\/\/3x22.bbm.usp.br\/index.php?rest_route=\/wp\/v2\/users\/5"}],"replies":[{"embeddable":true,"href":"https:\/\/3x22.bbm.usp.br\/index.php?rest_route=%2Fwp%2Fv2%2Fcomments&post=765"}],"version-history":[{"count":3,"href":"https:\/\/3x22.bbm.usp.br\/index.php?rest_route=\/wp\/v2\/pages\/765\/revisions"}],"predecessor-version":[{"id":997,"href":"https:\/\/3x22.bbm.usp.br\/index.php?rest_route=\/wp\/v2\/pages\/765\/revisions\/997"}],"wp:attachment":[{"href":"https:\/\/3x22.bbm.usp.br\/index.php?rest_route=%2Fwp%2Fv2%2Fmedia&parent=765"}],"curies":[{"name":"wp","href":"https:\/\/api.w.org\/{rel}","templated":true}]}}