{"id":928,"date":"2021-09-17T15:57:00","date_gmt":"2021-09-17T15:57:00","guid":{"rendered":"https:\/\/3x22.bbm.usp.br\/?page_id=928"},"modified":"2023-10-17T17:06:34","modified_gmt":"2023-10-17T17:06:34","slug":"material-didatico","status":"publish","type":"page","link":"https:\/\/3x22.bbm.usp.br\/?page_id=928","title":{"rendered":"3&#215;22 na Escola"},"content":{"rendered":"\n<h4 class=\"has-text-align-center wp-block-heading\">3&#215;22 na Escola<\/h4>\n\n\n\n<blockquote class=\"wp-block-quote is-layout-flow wp-block-quote-is-layout-flow\"><p>Elaborado com base no acervo da Biblioteca Brasiliana Guita e Jos\u00e9 Mindlin (BBM), o material did\u00e1tico <strong>3 vezes 22 na escola: independ\u00eancia, modernismos e projetos de futuro<\/strong> tem como base o entrecruzamento de tr\u00eas datas significativas na hist\u00f3ria do pa\u00eds: a independ\u00eancia (1822), os modernismos dos anos 1920, cuja Semana de Arte Moderna (1922) \u00e9 um marco, e o presente (2022). Atrav\u00e9s dessas temporalidades, pretende-se estimular os estudantes a refletir e discutir alguns dilemas da sociedade contempor\u00e2nea, brasileira e mundial, de maneira que eles tamb\u00e9m possam associar tais reflex\u00f5es com os seus projetos de vida e criem novos projetos de futuro para o pa\u00eds, frente aos problemas e desafios que se colocam.<\/p><\/blockquote>\n\n\n\n<p class=\"has-text-align-right\"><strong><a href=\"https:\/\/3x22.bbm.usp.br\/?page_id=1204\" title=\"\u00c1rea do professor\">\u00c1rea do professor<\/a><\/strong><\/p>\n\n\n\n<p class=\"has-text-align-right\"><strong><a href=\"https:\/\/3x22.bbm.usp.br\/?page_id=1015\" data-type=\"page\">Equipe<\/a><\/strong><\/p>\n\n\n\n<div class=\"wp-block-group\"><div class=\"wp-block-group__inner-container is-layout-flow wp-block-group-is-layout-flow\">\n<div class=\"wp-block-columns is-layout-flex wp-container-core-columns-is-layout-9d6595d7 wp-block-columns-is-layout-flex\">\n<div class=\"wp-block-column is-layout-flow wp-block-column-is-layout-flow\">\n<figure class=\"wp-block-image size-large\"><a href=\"https:\/\/3x22.bbm.usp.br\/?page_id=1096\"><img loading=\"lazy\" decoding=\"async\" width=\"722\" height=\"1024\" src=\"https:\/\/3x22.bbm.usp.br\/wp-content\/uploads\/2021\/09\/capa_apresentacao_27.09-722x1024.jpg\" alt=\"\" class=\"wp-image-1083\" srcset=\"https:\/\/3x22.bbm.usp.br\/wp-content\/uploads\/2021\/09\/capa_apresentacao_27.09-722x1024.jpg 722w, https:\/\/3x22.bbm.usp.br\/wp-content\/uploads\/2021\/09\/capa_apresentacao_27.09-211x300.jpg 211w, https:\/\/3x22.bbm.usp.br\/wp-content\/uploads\/2021\/09\/capa_apresentacao_27.09-768x1090.jpg 768w, https:\/\/3x22.bbm.usp.br\/wp-content\/uploads\/2021\/09\/capa_apresentacao_27.09-1083x1536.jpg 1083w, https:\/\/3x22.bbm.usp.br\/wp-content\/uploads\/2021\/09\/capa_apresentacao_27.09-1444x2048.jpg 1444w, https:\/\/3x22.bbm.usp.br\/wp-content\/uploads\/2021\/09\/capa_apresentacao_27.09-1200x1703.jpg 1200w, https:\/\/3x22.bbm.usp.br\/wp-content\/uploads\/2021\/09\/capa_apresentacao_27.09.jpg 1748w\" sizes=\"auto, (max-width: 722px) 100vw, 722px\" \/><\/a><\/figure>\n<\/div>\n\n\n\n<div class=\"wp-block-column is-layout-flow wp-block-column-is-layout-flow\">\n<figure class=\"wp-block-image size-large\"><a href=\"https:\/\/3x22.bbm.usp.br\/?page_id=1065\"><img loading=\"lazy\" decoding=\"async\" width=\"722\" height=\"1024\" src=\"https:\/\/3x22.bbm.usp.br\/wp-content\/uploads\/2022\/05\/Capa_cidadania_final_22.12-722x1024.jpg\" alt=\"\" class=\"wp-image-1345\" srcset=\"https:\/\/3x22.bbm.usp.br\/wp-content\/uploads\/2022\/05\/Capa_cidadania_final_22.12-722x1024.jpg 722w, https:\/\/3x22.bbm.usp.br\/wp-content\/uploads\/2022\/05\/Capa_cidadania_final_22.12-211x300.jpg 211w, https:\/\/3x22.bbm.usp.br\/wp-content\/uploads\/2022\/05\/Capa_cidadania_final_22.12-768x1090.jpg 768w, https:\/\/3x22.bbm.usp.br\/wp-content\/uploads\/2022\/05\/Capa_cidadania_final_22.12-1082x1536.jpg 1082w, https:\/\/3x22.bbm.usp.br\/wp-content\/uploads\/2022\/05\/Capa_cidadania_final_22.12-1443x2048.jpg 1443w, https:\/\/3x22.bbm.usp.br\/wp-content\/uploads\/2022\/05\/Capa_cidadania_final_22.12-1200x1703.jpg 1200w, https:\/\/3x22.bbm.usp.br\/wp-content\/uploads\/2022\/05\/Capa_cidadania_final_22.12-1980x2810.jpg 1980w, https:\/\/3x22.bbm.usp.br\/wp-content\/uploads\/2022\/05\/Capa_cidadania_final_22.12-scaled.jpg 1804w\" sizes=\"auto, (max-width: 722px) 100vw, 722px\" \/><\/a><\/figure>\n<\/div>\n<\/div>\n<\/div><\/div>\n\n\n\n<div class=\"wp-block-columns is-layout-flex wp-container-core-columns-is-layout-9d6595d7 wp-block-columns-is-layout-flex\">\n<div class=\"wp-block-column is-layout-flow wp-block-column-is-layout-flow\">\n<figure class=\"wp-block-image size-large\"><a href=\"https:\/\/3x22.bbm.usp.br\/?page_id=1159\"><img loading=\"lazy\" decoding=\"async\" width=\"722\" height=\"1024\" src=\"https:\/\/3x22.bbm.usp.br\/wp-content\/uploads\/2022\/01\/Capa_desigualdade_22.12-722x1024.jpg\" alt=\"\" class=\"wp-image-1265\" srcset=\"https:\/\/3x22.bbm.usp.br\/wp-content\/uploads\/2022\/01\/Capa_desigualdade_22.12-722x1024.jpg 722w, https:\/\/3x22.bbm.usp.br\/wp-content\/uploads\/2022\/01\/Capa_desigualdade_22.12-211x300.jpg 211w, https:\/\/3x22.bbm.usp.br\/wp-content\/uploads\/2022\/01\/Capa_desigualdade_22.12-768x1090.jpg 768w, https:\/\/3x22.bbm.usp.br\/wp-content\/uploads\/2022\/01\/Capa_desigualdade_22.12-1083x1536.jpg 1083w, https:\/\/3x22.bbm.usp.br\/wp-content\/uploads\/2022\/01\/Capa_desigualdade_22.12-1444x2048.jpg 1444w, https:\/\/3x22.bbm.usp.br\/wp-content\/uploads\/2022\/01\/Capa_desigualdade_22.12-1200x1703.jpg 1200w, https:\/\/3x22.bbm.usp.br\/wp-content\/uploads\/2022\/01\/Capa_desigualdade_22.12.jpg 1748w\" sizes=\"auto, (max-width: 722px) 100vw, 722px\" \/><\/a><\/figure>\n<\/div>\n\n\n\n<div class=\"wp-block-column is-layout-flow wp-block-column-is-layout-flow\">\n<figure class=\"wp-block-image size-large\"><a href=\"https:\/\/3x22.bbm.usp.br\/?page_id=1163\"><img loading=\"lazy\" decoding=\"async\" width=\"722\" height=\"1024\" src=\"https:\/\/3x22.bbm.usp.br\/wp-content\/uploads\/2022\/01\/Capa_meioambiente_22.12-1-722x1024.jpg\" alt=\"\" class=\"wp-image-1264\" srcset=\"https:\/\/3x22.bbm.usp.br\/wp-content\/uploads\/2022\/01\/Capa_meioambiente_22.12-1-722x1024.jpg 722w, https:\/\/3x22.bbm.usp.br\/wp-content\/uploads\/2022\/01\/Capa_meioambiente_22.12-1-211x300.jpg 211w, https:\/\/3x22.bbm.usp.br\/wp-content\/uploads\/2022\/01\/Capa_meioambiente_22.12-1-768x1090.jpg 768w, https:\/\/3x22.bbm.usp.br\/wp-content\/uploads\/2022\/01\/Capa_meioambiente_22.12-1-1083x1536.jpg 1083w, https:\/\/3x22.bbm.usp.br\/wp-content\/uploads\/2022\/01\/Capa_meioambiente_22.12-1-1444x2048.jpg 1444w, https:\/\/3x22.bbm.usp.br\/wp-content\/uploads\/2022\/01\/Capa_meioambiente_22.12-1-1200x1703.jpg 1200w, https:\/\/3x22.bbm.usp.br\/wp-content\/uploads\/2022\/01\/Capa_meioambiente_22.12-1.jpg 1748w\" sizes=\"auto, (max-width: 722px) 100vw, 722px\" \/><\/a><\/figure>\n<\/div>\n<\/div>\n\n\n\n<div class=\"wp-block-columns is-layout-flex wp-container-core-columns-is-layout-9d6595d7 wp-block-columns-is-layout-flex\">\n<div class=\"wp-block-column is-layout-flow wp-block-column-is-layout-flow\">\n<figure class=\"wp-block-image size-large\"><a href=\"https:\/\/3x22.bbm.usp.br\/?page_id=1273\"><img loading=\"lazy\" decoding=\"async\" width=\"722\" height=\"1024\" src=\"https:\/\/3x22.bbm.usp.br\/wp-content\/uploads\/2022\/01\/Capa_Educacao_22.12-722x1024.jpg\" alt=\"\" class=\"wp-image-1271\" srcset=\"https:\/\/3x22.bbm.usp.br\/wp-content\/uploads\/2022\/01\/Capa_Educacao_22.12-722x1024.jpg 722w, https:\/\/3x22.bbm.usp.br\/wp-content\/uploads\/2022\/01\/Capa_Educacao_22.12-211x300.jpg 211w, https:\/\/3x22.bbm.usp.br\/wp-content\/uploads\/2022\/01\/Capa_Educacao_22.12-768x1090.jpg 768w, https:\/\/3x22.bbm.usp.br\/wp-content\/uploads\/2022\/01\/Capa_Educacao_22.12-1083x1536.jpg 1083w, https:\/\/3x22.bbm.usp.br\/wp-content\/uploads\/2022\/01\/Capa_Educacao_22.12-1444x2048.jpg 1444w, https:\/\/3x22.bbm.usp.br\/wp-content\/uploads\/2022\/01\/Capa_Educacao_22.12-1200x1703.jpg 1200w, https:\/\/3x22.bbm.usp.br\/wp-content\/uploads\/2022\/01\/Capa_Educacao_22.12.jpg 1748w\" sizes=\"auto, (max-width: 722px) 100vw, 722px\" \/><\/a><\/figure>\n<\/div>\n\n\n\n<div class=\"wp-block-column is-layout-flow wp-block-column-is-layout-flow\"><\/div>\n<\/div>\n","protected":false},"excerpt":{"rendered":"<p>3&#215;22 na Escola Elaborado com base no acervo da Biblioteca Brasiliana Guita e Jos\u00e9 Mindlin (BBM), o material did\u00e1tico 3 vezes 22 na escola: independ\u00eancia, modernismos e projetos de futuro tem como base o entrecruzamento de tr\u00eas datas significativas na hist\u00f3ria do pa\u00eds: a independ\u00eancia (1822), os modernismos dos anos 1920, cuja Semana de Arte&hellip;<\/p>\n","protected":false},"author":7,"featured_media":0,"parent":0,"menu_order":0,"comment_status":"closed","ping_status":"closed","template":"tw-no-title.php","meta":{"_uag_custom_page_level_css":"","footnotes":""},"class_list":["post-928","page","type-page","status-publish","hentry"],"aioseo_notices":[],"uagb_featured_image_src":{"full":false,"thumbnail":false,"medium":false,"medium_large":false,"large":false,"1536x1536":false,"2048x2048":false,"post-thumbnail":false,"twentytwenty-fullscreen":false},"uagb_author_info":{"display_name":"Giovane Direnzi","author_link":"https:\/\/3x22.bbm.usp.br\/?author=7"},"uagb_comment_info":0,"uagb_excerpt":"3&#215;22 na Escola Elaborado com base no acervo da Biblioteca Brasiliana Guita e Jos\u00e9 Mindlin (BBM), o material did\u00e1tico 3 vezes 22 na escola: independ\u00eancia, modernismos e projetos de futuro tem como base o entrecruzamento de tr\u00eas datas significativas na hist\u00f3ria do pa\u00eds: a independ\u00eancia (1822), os modernismos dos anos 1920, cuja Semana de Arte&hellip;","_links":{"self":[{"href":"https:\/\/3x22.bbm.usp.br\/index.php?rest_route=\/wp\/v2\/pages\/928","targetHints":{"allow":["GET"]}}],"collection":[{"href":"https:\/\/3x22.bbm.usp.br\/index.php?rest_route=\/wp\/v2\/pages"}],"about":[{"href":"https:\/\/3x22.bbm.usp.br\/index.php?rest_route=\/wp\/v2\/types\/page"}],"author":[{"embeddable":true,"href":"https:\/\/3x22.bbm.usp.br\/index.php?rest_route=\/wp\/v2\/users\/7"}],"replies":[{"embeddable":true,"href":"https:\/\/3x22.bbm.usp.br\/index.php?rest_route=%2Fwp%2Fv2%2Fcomments&post=928"}],"version-history":[{"count":25,"href":"https:\/\/3x22.bbm.usp.br\/index.php?rest_route=\/wp\/v2\/pages\/928\/revisions"}],"predecessor-version":[{"id":1347,"href":"https:\/\/3x22.bbm.usp.br\/index.php?rest_route=\/wp\/v2\/pages\/928\/revisions\/1347"}],"wp:attachment":[{"href":"https:\/\/3x22.bbm.usp.br\/index.php?rest_route=%2Fwp%2Fv2%2Fmedia&parent=928"}],"curies":[{"name":"wp","href":"https:\/\/api.w.org\/{rel}","templated":true}]}}